{"id":29591,"date":"2025-11-30T17:53:17","date_gmt":"2025-11-30T17:53:17","guid":{"rendered":"https:\/\/ultrachoice.haikode.com\/?post_type=product&#038;p=29591"},"modified":"2025-11-30T17:53:18","modified_gmt":"2025-11-30T17:53:18","slug":"amd-ryzen-5-3400g-tray","status":"publish","type":"product","link":"https:\/\/ultrachoice.haikode.com\/ar\/product\/amd-ryzen-5-3400g-tray\/","title":{"rendered":"AMD Ryzen 5 3400G Tray"},"content":{"rendered":"<h1 class=\"h1\" style=\"text-align: center;\"><span style=\"color: #800080;\">AMD Ryzen 5 3400G<\/span><\/h1>\n<p>Le processeur <span style=\"color: #800080;\">AMD Ryzen 5 3400G<\/span> Wraith Spire (3.7 GHz \/ 4.2 GHz) est bas\u00e9 sur l\u2019architecture Zen+ grav\u00e9e en 12 nm. Cette deuxi\u00e8me g\u00e9n\u00e9ration Ryzen avec graphismes Radeon Vega 11 se dote de\u00a04 coeurs et 8 threads, des fr\u00e9quences revues \u00e0 la hausse\u00a0avec\u00a0 de base de 3.7 GHz et\u00a0jusqu\u2019\u00e0 4.2 GHz.<\/p>\n<h2 class=\"h2-master\"><span style=\"color: #800080;\"><strong>Processeur Quad-Core avec\u00a0graphismes Radeon Vega 11<\/strong><\/span><\/h2>\n<p>Le processeur <strong><span style=\"color: #800080;\">AMD Ryzen 5 3400G<\/span> <span style=\"color: #800080;\">Wraith Spire (3.7 GHz \/ 4.2 GHz) est bas\u00e9 sur l\u2019architecture Zen+ grav\u00e9e en 12 nm<\/span><\/strong><span style=\"color: #800080;\">.<\/span> Cette\u00a0deuxi\u00e8me\u00a0g\u00e9n\u00e9ration Ryzen avec<span style=\"color: #800080;\"><strong> graphismes Radeon Vega <\/strong><strong>11 <\/strong><\/span>se dote de<strong>\u00a0<\/strong><span style=\"color: #800080;\"><strong>4 c\u0153urs et 8 threads<\/strong><\/span>, des fr\u00e9quences revues \u00e0 la hausse\u00a0avec\u00a0de base\u00a03.7 GHz et\u00a0<span style=\"color: #800080;\"><strong>jusqu\u2019\u00e0 4.2 GHz<\/strong><\/span>,\u00a04\u00a0Mo de cache L3<strong>\u00a0<\/strong>et\u00a0<span style=\"color: #800080;\"><strong>65W\u00a0de TDP<\/strong><\/span>. Il est accompagn\u00e9 de son syst\u00e8me de refroidissement ultra-efficace et silencieux <span style=\"color: #800080;\"><strong>AMD Wraith Spire<\/strong><\/span>. Le <span style=\"color: #800080;\"><strong>Ryzen 5 3400G propos\u00e9 par AMD<\/strong><\/span> avec ses graphismes int\u00e9gr\u00e9s Radeon Vega est la combinaison id\u00e9ale pour l\u2019informatique au quotidien, m\u00eame sans carte graphique d\u00e9di\u00e9e ! Il d\u00e9livre des performances multit\u00e2ches et multim\u00e9dia avanc\u00e9es tout en restant tr\u00e8s abordable.<\/p>","protected":false},"excerpt":{"rendered":"<h5><span style=\"color: #800080;\">L&rsquo; AMD Ryzen 5 3400G (3.7 GHz \/ 4.2 GHz) Tray est un\u00a0<strong>processeur de haute performance<\/strong>, id\u00e9al pour les gamers et les cr\u00e9ateurs de contenu au Maroc. Avec ses quatre c\u0153urs et huit threads, ce processeur offre une exp\u00e9rience multit\u00e2che fluide et efficace.<\/span><\/h5>","protected":false},"featured_media":29386,"comment_status":"open","ping_status":"closed","template":"","meta":{"content-type":""},"product_brand":[308],"product_cat":[244,261],"product_tag":[312,311,349,333,310],"class_list":{"0":"post-29591","1":"product","2":"type-product","3":"status-publish","4":"has-post-thumbnail","6":"product_brand-amd","7":"product_cat-hardware-components","8":"product_cat-processors","9":"product_tag-amd","10":"product_tag-cpu","11":"product_tag-ryzen-5-3400g","12":"product_tag-ryzen-5-3500x","13":"product_tag-ryzen5","15":"first","16":"onbackorder","17":"sale","18":"shipping-taxable","19":"purchasable","20":"product-type-simple"},"_links":{"self":[{"href":"https:\/\/ultrachoice.haikode.com\/ar\/wp-json\/wp\/v2\/product\/29591","targetHints":{"allow":["GET"]}}],"collection":[{"href":"https:\/\/ultrachoice.haikode.com\/ar\/wp-json\/wp\/v2\/product"}],"about":[{"href":"https:\/\/ultrachoice.haikode.com\/ar\/wp-json\/wp\/v2\/types\/product"}],"replies":[{"embeddable":true,"href":"https:\/\/ultrachoice.haikode.com\/ar\/wp-json\/wp\/v2\/comments?post=29591"}],"version-history":[{"count":2,"href":"https:\/\/ultrachoice.haikode.com\/ar\/wp-json\/wp\/v2\/product\/29591\/revisions"}],"predecessor-version":[{"id":29595,"href":"https:\/\/ultrachoice.haikode.com\/ar\/wp-json\/wp\/v2\/product\/29591\/revisions\/29595"}],"wp:featuredmedia":[{"embeddable":true,"href":"https:\/\/ultrachoice.haikode.com\/ar\/wp-json\/wp\/v2\/media\/29386"}],"wp:attachment":[{"href":"https:\/\/ultrachoice.haikode.com\/ar\/wp-json\/wp\/v2\/media?parent=29591"}],"wp:term":[{"taxonomy":"product_brand","embeddable":true,"href":"https:\/\/ultrachoice.haikode.com\/ar\/wp-json\/wp\/v2\/product_brand?post=29591"},{"taxonomy":"product_cat","embeddable":true,"href":"https:\/\/ultrachoice.haikode.com\/ar\/wp-json\/wp\/v2\/product_cat?post=29591"},{"taxonomy":"product_tag","embeddable":true,"href":"https:\/\/ultrachoice.haikode.com\/ar\/wp-json\/wp\/v2\/product_tag?post=29591"}],"curies":[{"name":"wp","href":"https:\/\/api.w.org\/{rel}","templated":true}]}}