{"id":29572,"date":"2025-11-24T06:02:37","date_gmt":"2025-11-24T06:02:37","guid":{"rendered":"https:\/\/ultrachoice.haikode.com\/?post_type=product&#038;p=29572"},"modified":"2025-11-24T06:02:37","modified_gmt":"2025-11-24T06:02:37","slug":"samsung-odyssey-g5-s27cg552eu-27-165hz-2k-curved","status":"publish","type":"product","link":"https:\/\/ultrachoice.haikode.com\/ar\/product\/samsung-odyssey-g5-s27cg552eu-27-165hz-2k-curved\/","title":{"rendered":"Samsung Odyssey G5 S27CG552EU 27&Prime; 165Hz 2K Curved"},"content":{"rendered":"<p><strong data-start=\"141\" data-end=\"178\">\u00a0Samsung Odyssey G5 S27CG552EU 27\u2033<\/strong>\u00a0est un\u00a0<strong data-start=\"186\" data-end=\"219\">moniteur gaming incurv\u00e9 1000R<\/strong> offrant une <strong data-start=\"232\" data-end=\"256\">exp\u00e9rience immersive<\/strong>. Dot\u00e9 d\u2019une dalle\u00a0<strong data-start=\"275\" data-end=\"300\">VA WQHD (2560 \u00d7 1440)<\/strong>, il combine une\u00a0<strong data-start=\"317\" data-end=\"339\" data-is-only-node=\"\">fr\u00e9quence de 165Hz<\/strong>\u00a0et un\u00a0<strong data-start=\"346\" data-end=\"391\">temps de r\u00e9ponse ultra-rapide de 1ms MPRT<\/strong>, pour une\u00a0<strong data-start=\"402\" data-end=\"429\">fluidit\u00e9 exceptionnelle<\/strong>. La prise en charge du\u00a0<strong data-start=\"453\" data-end=\"462\">HDR10<\/strong>, une\u00a0<strong data-start=\"468\" data-end=\"495\">luminosit\u00e9 de 300 cd\/m\u00b2<\/strong>\u00a0et un\u00a0<strong data-start=\"502\" data-end=\"531\">contraste \u00e9lev\u00e9 de 2500:1<\/strong>\u00a0garantissent des\u00a0<strong data-start=\"549\" data-end=\"579\">images nettes et profondes<\/strong>. Gr\u00e2ce \u00e0\u00a0<strong data-start=\"589\" data-end=\"613\">AMD FreeSync Premium<\/strong>, les d\u00e9chirures d\u2019image sont \u00e9limin\u00e9es pour un\u00a0<strong data-start=\"661\" data-end=\"680\">gameplay fluide<\/strong>. Le design \u00e0\u00a0<strong data-start=\"694\" data-end=\"708\">bords fins<\/strong>\u00a0et la\u00a0<strong data-start=\"715\" data-end=\"737\">courbure prononc\u00e9e<\/strong>\u00a0assurent une immersion renforc\u00e9e. Il dispose d\u2019une\u00a0<strong data-start=\"789\" data-end=\"813\">inclinaison r\u00e9glable<\/strong>, de la\u00a0<strong data-start=\"821\" data-end=\"847\">fixation VESA 75\u00d775 mm<\/strong>, et d\u2019une connectique compl\u00e8te :\u00a0<strong data-start=\"881\" data-end=\"896\">1\u00d7 HDMI 2.0<\/strong>,\u00a0<strong data-start=\"898\" data-end=\"920\">1\u00d7 DisplayPort 1.2<\/strong>, et\u00a0<strong data-start=\"925\" data-end=\"949\">sortie casque 3,5 mm<\/strong>. Les technologies\u00a0<strong data-start=\"968\" data-end=\"984\">Flicker-Free<\/strong>\u00a0et\u00a0<strong data-start=\"988\" data-end=\"1006\">Eye Saver Mode<\/strong>\u00a0offrent un meilleur confort visuel lors des longues sessions.<\/p>","protected":false},"excerpt":{"rendered":"<p>\u00a0Samsung Odyssey G5 S27CG552EU 27\u2033\u00a0est un\u00a0moniteur gaming incurv\u00e9 1000R offrant une exp\u00e9rience immersive. Dot\u00e9 d\u2019une dalle\u00a0VA WQHD (2560 \u00d7 1440),<\/p>","protected":false},"featured_media":29576,"comment_status":"open","ping_status":"closed","template":"","meta":{"content-type":""},"product_brand":[294],"product_cat":[233,235,236],"product_tag":[],"class_list":{"0":"post-29572","1":"product","2":"type-product","3":"status-publish","4":"has-post-thumbnail","6":"product_brand-samsung","7":"product_cat-2k-monitors","8":"product_cat-curved-monitors","9":"product_cat-gaming-monitors","11":"first","12":"onbackorder","13":"sale","14":"shipping-taxable","15":"purchasable","16":"product-type-simple"},"_links":{"self":[{"href":"https:\/\/ultrachoice.haikode.com\/ar\/wp-json\/wp\/v2\/product\/29572","targetHints":{"allow":["GET"]}}],"collection":[{"href":"https:\/\/ultrachoice.haikode.com\/ar\/wp-json\/wp\/v2\/product"}],"about":[{"href":"https:\/\/ultrachoice.haikode.com\/ar\/wp-json\/wp\/v2\/types\/product"}],"replies":[{"embeddable":true,"href":"https:\/\/ultrachoice.haikode.com\/ar\/wp-json\/wp\/v2\/comments?post=29572"}],"version-history":[{"count":1,"href":"https:\/\/ultrachoice.haikode.com\/ar\/wp-json\/wp\/v2\/product\/29572\/revisions"}],"predecessor-version":[{"id":29577,"href":"https:\/\/ultrachoice.haikode.com\/ar\/wp-json\/wp\/v2\/product\/29572\/revisions\/29577"}],"wp:featuredmedia":[{"embeddable":true,"href":"https:\/\/ultrachoice.haikode.com\/ar\/wp-json\/wp\/v2\/media\/29576"}],"wp:attachment":[{"href":"https:\/\/ultrachoice.haikode.com\/ar\/wp-json\/wp\/v2\/media?parent=29572"}],"wp:term":[{"taxonomy":"product_brand","embeddable":true,"href":"https:\/\/ultrachoice.haikode.com\/ar\/wp-json\/wp\/v2\/product_brand?post=29572"},{"taxonomy":"product_cat","embeddable":true,"href":"https:\/\/ultrachoice.haikode.com\/ar\/wp-json\/wp\/v2\/product_cat?post=29572"},{"taxonomy":"product_tag","embeddable":true,"href":"https:\/\/ultrachoice.haikode.com\/ar\/wp-json\/wp\/v2\/product_tag?post=29572"}],"curies":[{"name":"wp","href":"https:\/\/api.w.org\/{rel}","templated":true}]}}