{"id":29561,"date":"2025-11-24T05:38:35","date_gmt":"2025-11-24T05:38:35","guid":{"rendered":"https:\/\/ultrachoice.haikode.com\/?post_type=product&#038;p=29561"},"modified":"2025-11-24T05:38:36","modified_gmt":"2025-11-24T05:38:36","slug":"samsung-ls32dm700uuxen-32-4k-smart-monitor","status":"publish","type":"product","link":"https:\/\/ultrachoice.haikode.com\/ar\/product\/samsung-ls32dm700uuxen-32-4k-smart-monitor\/","title":{"rendered":"Samsung LS32DM700UUXEN 32&Prime; 4K Smart Monitor"},"content":{"rendered":"<p><strong data-start=\"151\" data-end=\"177\">\u00a0Samsung LS32DM700UUXEN<\/strong>\u00a0est un\u00a0<strong data-start=\"185\" data-end=\"222\">moniteur 32&Prime; 4K UHD (3840 \u00d7 2160)<\/strong>\u00a0qui allie performance et intelligence. Sa dalle\u00a0<strong data-start=\"271\" data-end=\"277\">VA<\/strong>\u00a0offre un\u00a0<strong data-start=\"287\" data-end=\"310\">contraste de 3000:1<\/strong>, une luminosit\u00e9 de\u00a0<strong data-start=\"330\" data-end=\"343\">300 cd\/m\u00b2<\/strong>\u00a0et une compatibilit\u00e9\u00a0<strong data-start=\"365\" data-end=\"374\">HDR10<\/strong>, pour des images nettes, riches et d\u00e9taill\u00e9es. Gr\u00e2ce \u00e0 sa plateforme\u00a0<strong data-start=\"444\" data-end=\"476\">Smart TV int\u00e9gr\u00e9e (Tizen OS)<\/strong>, acc\u00e9dez directement \u00e0 vos applications pr\u00e9f\u00e9r\u00e9es (Netflix, YouTube, Prime Video), au\u00a0<strong data-start=\"563\" data-end=\"577\">Gaming Hub<\/strong>\u00a0et aux\u00a0<strong data-start=\"585\" data-end=\"606\">assistants vocaux<\/strong>\u00a0comme\u00a0<strong data-start=\"613\" data-end=\"622\">Bixby<\/strong>\u00a0et\u00a0<strong data-start=\"626\" data-end=\"635\">Alexa<\/strong>, sans PC.<\/p>\n<p>Le moniteur dispose d\u2019un port\u00a0<strong data-start=\"677\" data-end=\"703\">USB-C avec charge 65 W<\/strong>,\u00a0<strong data-start=\"705\" data-end=\"715\">2 HDMI<\/strong>,\u00a0<strong data-start=\"717\" data-end=\"734\">3 ports USB-A<\/strong>, du\u00a0<strong data-start=\"739\" data-end=\"756\">Bluetooth 5.2<\/strong>, du\u00a0<strong data-start=\"761\" data-end=\"770\">Wi-Fi<\/strong>, et d\u2019<strong data-start=\"777\" data-end=\"808\">enceintes int\u00e9gr\u00e9es de 10 W<\/strong>. Il prend en charge le\u00a0<strong data-start=\"832\" data-end=\"851\">Mode Multi View<\/strong>, la\u00a0<strong data-start=\"856\" data-end=\"881\">mise en miroir mobile<\/strong>, le\u00a0<strong data-start=\"886\" data-end=\"904\">mode Eye Saver<\/strong>\u00a0et\u00a0<strong data-start=\"908\" data-end=\"924\">Flicker Free<\/strong>\u00a0pour plus de confort visuel.<\/p>\n<p data-start=\"955\" data-end=\"1089\">Son design \u00e9l\u00e9gant est compatible\u00a0<strong data-start=\"989\" data-end=\"1005\">VESA 100\u00d7100<\/strong>, avec une inclinaison ajustable de \u20132\u00b0 \u00e0 +22\u00b0, et une\u00a0<strong data-start=\"1060\" data-end=\"1076\">t\u00e9l\u00e9commande<\/strong>\u00a0est incluse.<\/p>","protected":false},"excerpt":{"rendered":"<p>Ecran PC 4K &#8211; 3840 x 2160 pixels &#8211; 4 ms (gris \u00e0 gris) &#8211; 16\/9 &#8211; Dalle VA &#8211; HDR10 &#8211; Wi-Fi\/Bluetooth &#8211; Tizen OS &#8211; HDMI\/USB-C &#8211; Hub USB &#8211; T\u00e9l\u00e9commande &#8211; Noir<\/p>","protected":false},"featured_media":29565,"comment_status":"open","ping_status":"closed","template":"","meta":{"content-type":""},"product_brand":[294],"product_cat":[234,232],"product_tag":[],"class_list":{"0":"post-29561","1":"product","2":"type-product","3":"status-publish","4":"has-post-thumbnail","6":"product_brand-samsung","7":"product_cat-4k-monitors","8":"product_cat-monitors","10":"first","11":"instock","12":"sale","13":"shipping-taxable","14":"purchasable","15":"product-type-simple"},"_links":{"self":[{"href":"https:\/\/ultrachoice.haikode.com\/ar\/wp-json\/wp\/v2\/product\/29561","targetHints":{"allow":["GET"]}}],"collection":[{"href":"https:\/\/ultrachoice.haikode.com\/ar\/wp-json\/wp\/v2\/product"}],"about":[{"href":"https:\/\/ultrachoice.haikode.com\/ar\/wp-json\/wp\/v2\/types\/product"}],"replies":[{"embeddable":true,"href":"https:\/\/ultrachoice.haikode.com\/ar\/wp-json\/wp\/v2\/comments?post=29561"}],"version-history":[{"count":1,"href":"https:\/\/ultrachoice.haikode.com\/ar\/wp-json\/wp\/v2\/product\/29561\/revisions"}],"predecessor-version":[{"id":29566,"href":"https:\/\/ultrachoice.haikode.com\/ar\/wp-json\/wp\/v2\/product\/29561\/revisions\/29566"}],"wp:featuredmedia":[{"embeddable":true,"href":"https:\/\/ultrachoice.haikode.com\/ar\/wp-json\/wp\/v2\/media\/29565"}],"wp:attachment":[{"href":"https:\/\/ultrachoice.haikode.com\/ar\/wp-json\/wp\/v2\/media?parent=29561"}],"wp:term":[{"taxonomy":"product_brand","embeddable":true,"href":"https:\/\/ultrachoice.haikode.com\/ar\/wp-json\/wp\/v2\/product_brand?post=29561"},{"taxonomy":"product_cat","embeddable":true,"href":"https:\/\/ultrachoice.haikode.com\/ar\/wp-json\/wp\/v2\/product_cat?post=29561"},{"taxonomy":"product_tag","embeddable":true,"href":"https:\/\/ultrachoice.haikode.com\/ar\/wp-json\/wp\/v2\/product_tag?post=29561"}],"curies":[{"name":"wp","href":"https:\/\/api.w.org\/{rel}","templated":true}]}}