{"id":29559,"date":"2025-11-24T05:22:09","date_gmt":"2025-11-24T05:22:09","guid":{"rendered":"https:\/\/ultrachoice.haikode.com\/?post_type=product&#038;p=29559"},"modified":"2025-11-24T05:23:52","modified_gmt":"2025-11-24T05:23:52","slug":"msi-mag-27cq6f-27-180hz-0-5ms-2k-curved","status":"publish","type":"product","link":"https:\/\/ultrachoice.haikode.com\/ar\/product\/msi-mag-27cq6f-27-180hz-0-5ms-2k-curved\/","title":{"rendered":"MSI MAG 27CQ6F 27&Prime; 180Hz 0.5ms 2K Curved"},"content":{"rendered":"<p><strong>MSI Optix MAG 27CQ6F<\/strong>\u00a0est un moniteur gaming de 27 pouces avec une\u00a0<strong>r\u00e9solution QHD<\/strong>\u00a0(2560 x 1440), offrant une excellente qualit\u00e9 d&rsquo;image et des d\u00e9tails nets. Gr\u00e2ce \u00e0 un taux de rafra\u00eechissement de\u00a0<strong>180 Hz<\/strong>\u00a0et un\u00a0<strong>temps de r\u00e9ponse de 1 ms<\/strong>, il garantit une exp\u00e9rience de jeu fluide et r\u00e9active, \u00e9liminant les flous de mouvement. Son \u00e9cran incurv\u00e9 \u00e0\u00a0<strong>1500R<\/strong>\u00a0procure une immersion totale, en enveloppant votre champ de vision pour un confort maximal. Le\u00a0<strong>AMD FreeSync<\/strong>\u00a0int\u00e9gr\u00e9 synchronise le taux de rafra\u00eechissement pour \u00e9viter les d\u00e9chirures d&rsquo;image, tandis que le design moderne avec des bords fins et un support r\u00e9glable permet une personnalisation optimale de votre espace de jeu.<\/p>","protected":false},"excerpt":{"rendered":"<p>MSI Optix MAG 27CQ6F est un moniteur 27&Prime; QHD, incurv\u00e9 180 Hz, 0.5 ms, AMD FreeSync.<\/p>","protected":false},"featured_media":29557,"comment_status":"open","ping_status":"closed","template":"","meta":{"content-type":""},"product_brand":[329],"product_cat":[233,235,236,232],"product_tag":[],"class_list":{"0":"post-29559","1":"product","2":"type-product","3":"status-publish","4":"has-post-thumbnail","6":"product_brand-msi","7":"product_cat-2k-monitors","8":"product_cat-curved-monitors","9":"product_cat-gaming-monitors","10":"product_cat-monitors","12":"first","13":"onbackorder","14":"sale","15":"shipping-taxable","16":"purchasable","17":"product-type-simple"},"_links":{"self":[{"href":"https:\/\/ultrachoice.haikode.com\/ar\/wp-json\/wp\/v2\/product\/29559","targetHints":{"allow":["GET"]}}],"collection":[{"href":"https:\/\/ultrachoice.haikode.com\/ar\/wp-json\/wp\/v2\/product"}],"about":[{"href":"https:\/\/ultrachoice.haikode.com\/ar\/wp-json\/wp\/v2\/types\/product"}],"replies":[{"embeddable":true,"href":"https:\/\/ultrachoice.haikode.com\/ar\/wp-json\/wp\/v2\/comments?post=29559"}],"version-history":[{"count":1,"href":"https:\/\/ultrachoice.haikode.com\/ar\/wp-json\/wp\/v2\/product\/29559\/revisions"}],"predecessor-version":[{"id":29560,"href":"https:\/\/ultrachoice.haikode.com\/ar\/wp-json\/wp\/v2\/product\/29559\/revisions\/29560"}],"wp:featuredmedia":[{"embeddable":true,"href":"https:\/\/ultrachoice.haikode.com\/ar\/wp-json\/wp\/v2\/media\/29557"}],"wp:attachment":[{"href":"https:\/\/ultrachoice.haikode.com\/ar\/wp-json\/wp\/v2\/media?parent=29559"}],"wp:term":[{"taxonomy":"product_brand","embeddable":true,"href":"https:\/\/ultrachoice.haikode.com\/ar\/wp-json\/wp\/v2\/product_brand?post=29559"},{"taxonomy":"product_cat","embeddable":true,"href":"https:\/\/ultrachoice.haikode.com\/ar\/wp-json\/wp\/v2\/product_cat?post=29559"},{"taxonomy":"product_tag","embeddable":true,"href":"https:\/\/ultrachoice.haikode.com\/ar\/wp-json\/wp\/v2\/product_tag?post=29559"}],"curies":[{"name":"wp","href":"https:\/\/api.w.org\/{rel}","templated":true}]}}