{"id":29541,"date":"2025-11-18T19:44:11","date_gmt":"2025-11-18T19:44:11","guid":{"rendered":"https:\/\/ultrachoice.haikode.com\/?post_type=product&#038;p=29541"},"modified":"2025-11-18T19:44:12","modified_gmt":"2025-11-18T19:44:12","slug":"msi-pro-b650m-p","status":"publish","type":"product","link":"https:\/\/ultrachoice.haikode.com\/ar\/product\/msi-pro-b650m-p\/","title":{"rendered":"MSI PRO B650M-P"},"content":{"rendered":"<p>Le texte d\u00e9crit la carte m\u00e8re MSI PRO B650M-P, con\u00e7ue pour les processeurs AMD Ryzen s\u00e9rie 7000 sur socket AM5. Cette carte offre des performances de pointe pour les jeux vid\u00e9o et les t\u00e2ches professionnelles, avec des fonctionnalit\u00e9s telles que Core Boost et Memory Boost pour une alimentation stable et des transferts de donn\u00e9es rapides via PCIe 4.0 et M.2 Lightning PCIe 4.0 x4. Elle dispose \u00e9galement d&rsquo;une connectivit\u00e9 LAN 2,5 GbE, d&rsquo;un r\u00e9tro\u00e9clairage LED RVB personnalisable et d&rsquo;une technologie Audio Boost pour une exp\u00e9rience audio immersive. En utilisant cette carte avec les processeurs Ryzen s\u00e9rie 7000, les utilisateurs au Maroc peuvent b\u00e9n\u00e9ficier de performances exceptionnelles dans tous les domaines, de la cr\u00e9ation de contenu \u00e0 la lecture de jeux vid\u00e9o<\/p>","protected":false},"excerpt":{"rendered":"<p>Motherboard Micro ATX Socket AM5 AMD B650 &#8211; 4x DDR5 &#8211; M.2 PCIe 4.0 &#8211; USB 3.1 &#8211; PCI-Express 4.0 16x &#8211; LAN 2.5 GbE<\/p>","protected":false},"featured_media":29542,"comment_status":"open","ping_status":"closed","template":"","meta":{"content-type":""},"product_brand":[329],"product_cat":[259],"product_tag":[],"class_list":{"0":"post-29541","1":"product","2":"type-product","3":"status-publish","4":"has-post-thumbnail","6":"product_brand-msi","7":"product_cat-motherboards","9":"first","10":"onbackorder","11":"sale","12":"shipping-taxable","13":"purchasable","14":"product-type-simple"},"_links":{"self":[{"href":"https:\/\/ultrachoice.haikode.com\/ar\/wp-json\/wp\/v2\/product\/29541","targetHints":{"allow":["GET"]}}],"collection":[{"href":"https:\/\/ultrachoice.haikode.com\/ar\/wp-json\/wp\/v2\/product"}],"about":[{"href":"https:\/\/ultrachoice.haikode.com\/ar\/wp-json\/wp\/v2\/types\/product"}],"replies":[{"embeddable":true,"href":"https:\/\/ultrachoice.haikode.com\/ar\/wp-json\/wp\/v2\/comments?post=29541"}],"version-history":[{"count":1,"href":"https:\/\/ultrachoice.haikode.com\/ar\/wp-json\/wp\/v2\/product\/29541\/revisions"}],"predecessor-version":[{"id":29543,"href":"https:\/\/ultrachoice.haikode.com\/ar\/wp-json\/wp\/v2\/product\/29541\/revisions\/29543"}],"wp:featuredmedia":[{"embeddable":true,"href":"https:\/\/ultrachoice.haikode.com\/ar\/wp-json\/wp\/v2\/media\/29542"}],"wp:attachment":[{"href":"https:\/\/ultrachoice.haikode.com\/ar\/wp-json\/wp\/v2\/media?parent=29541"}],"wp:term":[{"taxonomy":"product_brand","embeddable":true,"href":"https:\/\/ultrachoice.haikode.com\/ar\/wp-json\/wp\/v2\/product_brand?post=29541"},{"taxonomy":"product_cat","embeddable":true,"href":"https:\/\/ultrachoice.haikode.com\/ar\/wp-json\/wp\/v2\/product_cat?post=29541"},{"taxonomy":"product_tag","embeddable":true,"href":"https:\/\/ultrachoice.haikode.com\/ar\/wp-json\/wp\/v2\/product_tag?post=29541"}],"curies":[{"name":"wp","href":"https:\/\/api.w.org\/{rel}","templated":true}]}}