{"id":29535,"date":"2025-11-18T19:35:15","date_gmt":"2025-11-18T19:35:15","guid":{"rendered":"https:\/\/ultrachoice.haikode.com\/?post_type=product&#038;p=29535"},"modified":"2025-11-18T19:35:15","modified_gmt":"2025-11-18T19:35:15","slug":"kingston-ssd-a400-240gb","status":"publish","type":"product","link":"https:\/\/ultrachoice.haikode.com\/ar\/product\/kingston-ssd-a400-240gb\/","title":{"rendered":"Kingston SSD A400 240GB"},"content":{"rendered":"<p>Le\u00a0SSD A400 240 Go\u00a0de\u00a0Kingston\u00a0am\u00e9liore consid\u00e9rablement la r\u00e9activit\u00e9 de votre syst\u00e8me actuel avec des vitesses de d\u00e9marrage, de chargement et de transfert par rapport aux disques durs classiques. Anim\u00e9 par un contr\u00f4leur de la derni\u00e8re g\u00e9n\u00e9ration offrant des vitesses de lecture et d&rsquo;\u00e9criture allant jusqu&rsquo;\u00e0 500Mo\/s et 350Mo\/s, ce SSD est dix fois plus rapide qu&rsquo;un disque dur traditionnel et offre des performances plus \u00e9lev\u00e9es, une gestion multi-t\u00e2ches ultra r\u00e9active, et acc\u00e9l\u00e8re l&rsquo;ensemble du syst\u00e8me.<\/p>\n<p>Plus fiable et plus durable qu&rsquo;un disque dur, le disque\u00a0A400\u00a0est uniquement construit avec des composants Flash. Ne contenant aucune pi\u00e8ce mobile, il est moins expos\u00e9 aux risques de panne qu&rsquo;un disque dur classique. Plus silencieux et plus froid, il est aussi plus r\u00e9sistant aux vibrations et aux chocs, ce qui en fait une solution id\u00e9ale pour les ordinateurs portables et autres syst\u00e8mes informatiques mobiles.<\/p>","protected":false},"excerpt":{"rendered":"<p>SSD 240 Go 2.5&Prime; 7mm Serial ATA 6Gb\/s<\/p>","protected":false},"featured_media":29536,"comment_status":"open","ping_status":"closed","template":"","meta":{"content-type":""},"product_brand":[341],"product_cat":[262],"product_tag":[],"class_list":{"0":"post-29535","1":"product","2":"type-product","3":"status-publish","4":"has-post-thumbnail","6":"product_brand-kingston","7":"product_cat-ssd-drive","9":"first","10":"onbackorder","11":"sale","12":"shipping-taxable","13":"purchasable","14":"product-type-simple"},"_links":{"self":[{"href":"https:\/\/ultrachoice.haikode.com\/ar\/wp-json\/wp\/v2\/product\/29535","targetHints":{"allow":["GET"]}}],"collection":[{"href":"https:\/\/ultrachoice.haikode.com\/ar\/wp-json\/wp\/v2\/product"}],"about":[{"href":"https:\/\/ultrachoice.haikode.com\/ar\/wp-json\/wp\/v2\/types\/product"}],"replies":[{"embeddable":true,"href":"https:\/\/ultrachoice.haikode.com\/ar\/wp-json\/wp\/v2\/comments?post=29535"}],"version-history":[{"count":1,"href":"https:\/\/ultrachoice.haikode.com\/ar\/wp-json\/wp\/v2\/product\/29535\/revisions"}],"predecessor-version":[{"id":29537,"href":"https:\/\/ultrachoice.haikode.com\/ar\/wp-json\/wp\/v2\/product\/29535\/revisions\/29537"}],"wp:featuredmedia":[{"embeddable":true,"href":"https:\/\/ultrachoice.haikode.com\/ar\/wp-json\/wp\/v2\/media\/29536"}],"wp:attachment":[{"href":"https:\/\/ultrachoice.haikode.com\/ar\/wp-json\/wp\/v2\/media?parent=29535"}],"wp:term":[{"taxonomy":"product_brand","embeddable":true,"href":"https:\/\/ultrachoice.haikode.com\/ar\/wp-json\/wp\/v2\/product_brand?post=29535"},{"taxonomy":"product_cat","embeddable":true,"href":"https:\/\/ultrachoice.haikode.com\/ar\/wp-json\/wp\/v2\/product_cat?post=29535"},{"taxonomy":"product_tag","embeddable":true,"href":"https:\/\/ultrachoice.haikode.com\/ar\/wp-json\/wp\/v2\/product_tag?post=29535"}],"curies":[{"name":"wp","href":"https:\/\/api.w.org\/{rel}","templated":true}]}}