{"id":29532,"date":"2025-11-18T19:32:02","date_gmt":"2025-11-18T19:32:02","guid":{"rendered":"https:\/\/ultrachoice.haikode.com\/?post_type=product&#038;p=29532"},"modified":"2025-11-18T19:32:03","modified_gmt":"2025-11-18T19:32:03","slug":"amd-ryzen-7-5700x-3-4-ghz-4-6-ghz-tray","status":"publish","type":"product","link":"https:\/\/ultrachoice.haikode.com\/ar\/product\/amd-ryzen-7-5700x-3-4-ghz-4-6-ghz-tray\/","title":{"rendered":"AMD Ryzen 7 5700X (3.4 GHz \/ 4.6 GHz) Tray"},"content":{"rendered":"<p>Le\u00a0processeur AMD Ryzen 7 5700X\u00a0est optimis\u00e9 pour le jeu vid\u00e9o :\u00a08 Cores,\u00a016\u00a0Threads\u00a0et\u00a0GameCache 36\u00a0Mo. Sans parler des fr\u00e9quences natives et boost qui atteignent des sommets pour vous permettre de profiter de vos jeux pr\u00e9f\u00e9r\u00e9s dans les meilleures conditions. Associez lui une carte graphique hautes performances et vous pourrez jouer \u00e0 tous les jeux de mani\u00e8re fluide.<\/p>","protected":false},"excerpt":{"rendered":"<p>Processeur 8-Core 16-Threads socket AM4 GameCache 36 Mo 7 nm TDP 65W (version tray sans ventilateur)<\/p>","protected":false},"featured_media":29533,"comment_status":"open","ping_status":"closed","template":"","meta":{"content-type":""},"product_brand":[308],"product_cat":[261],"product_tag":[],"class_list":{"0":"post-29532","1":"product","2":"type-product","3":"status-publish","4":"has-post-thumbnail","6":"product_brand-amd","7":"product_cat-processors","9":"first","10":"onbackorder","11":"sale","12":"shipping-taxable","13":"purchasable","14":"product-type-simple"},"_links":{"self":[{"href":"https:\/\/ultrachoice.haikode.com\/ar\/wp-json\/wp\/v2\/product\/29532","targetHints":{"allow":["GET"]}}],"collection":[{"href":"https:\/\/ultrachoice.haikode.com\/ar\/wp-json\/wp\/v2\/product"}],"about":[{"href":"https:\/\/ultrachoice.haikode.com\/ar\/wp-json\/wp\/v2\/types\/product"}],"replies":[{"embeddable":true,"href":"https:\/\/ultrachoice.haikode.com\/ar\/wp-json\/wp\/v2\/comments?post=29532"}],"version-history":[{"count":1,"href":"https:\/\/ultrachoice.haikode.com\/ar\/wp-json\/wp\/v2\/product\/29532\/revisions"}],"predecessor-version":[{"id":29534,"href":"https:\/\/ultrachoice.haikode.com\/ar\/wp-json\/wp\/v2\/product\/29532\/revisions\/29534"}],"wp:featuredmedia":[{"embeddable":true,"href":"https:\/\/ultrachoice.haikode.com\/ar\/wp-json\/wp\/v2\/media\/29533"}],"wp:attachment":[{"href":"https:\/\/ultrachoice.haikode.com\/ar\/wp-json\/wp\/v2\/media?parent=29532"}],"wp:term":[{"taxonomy":"product_brand","embeddable":true,"href":"https:\/\/ultrachoice.haikode.com\/ar\/wp-json\/wp\/v2\/product_brand?post=29532"},{"taxonomy":"product_cat","embeddable":true,"href":"https:\/\/ultrachoice.haikode.com\/ar\/wp-json\/wp\/v2\/product_cat?post=29532"},{"taxonomy":"product_tag","embeddable":true,"href":"https:\/\/ultrachoice.haikode.com\/ar\/wp-json\/wp\/v2\/product_tag?post=29532"}],"curies":[{"name":"wp","href":"https:\/\/api.w.org\/{rel}","templated":true}]}}