{"id":29529,"date":"2025-11-18T19:28:25","date_gmt":"2025-11-18T19:28:25","guid":{"rendered":"https:\/\/ultrachoice.haikode.com\/?post_type=product&#038;p=29529"},"modified":"2025-11-18T19:28:25","modified_gmt":"2025-11-18T19:28:25","slug":"lexar-nm620-m-2-pcie-nvme-512gb","status":"publish","type":"product","link":"https:\/\/ultrachoice.haikode.com\/ar\/product\/lexar-nm620-m-2-pcie-nvme-512gb\/","title":{"rendered":"Lexar NM620 M.2 PCIe NVMe 512GB"},"content":{"rendered":"<p>Le\u00a0SSD Lexar NM620 M.2 PCIe NVMe 512GB\u00a0allie grande capacit\u00e9 de stockage \u00e0 la\u00a0technologie PCIe 3.0 x4 NVMe pour m\u00e9tamorphoser votre PC en b\u00e9n\u00e9ficiant de temps de chargement plus courts et des transferts de donn\u00e9es plus rapides. Avec des vitesses de\u00a0lecture jusqu&rsquo;\u00e0 3500 Mo\/s et d&rsquo;\u00e9criture jusqu&rsquo;\u00e0 2400 Mo\/s\u00a0tout devient plus rapide et plus fluide. Le d\u00e9marrage de votre PC et l&rsquo;utilisation de logiciels lourds deviennent une simple formalit\u00e9 gr\u00e2ce \u00e0 ce SSD Lexar NM620.<\/p>","protected":false},"excerpt":{"rendered":"<p>SSD 512 Go M.2 2280 PCI-E 3.0 4x NVMe<\/p>","protected":false},"featured_media":29530,"comment_status":"open","ping_status":"closed","template":"","meta":{"content-type":""},"product_brand":[340],"product_cat":[262],"product_tag":[],"class_list":{"0":"post-29529","1":"product","2":"type-product","3":"status-publish","4":"has-post-thumbnail","6":"product_brand-lexar","7":"product_cat-ssd-drive","9":"first","10":"onbackorder","11":"sale","12":"shipping-taxable","13":"purchasable","14":"product-type-simple"},"_links":{"self":[{"href":"https:\/\/ultrachoice.haikode.com\/ar\/wp-json\/wp\/v2\/product\/29529","targetHints":{"allow":["GET"]}}],"collection":[{"href":"https:\/\/ultrachoice.haikode.com\/ar\/wp-json\/wp\/v2\/product"}],"about":[{"href":"https:\/\/ultrachoice.haikode.com\/ar\/wp-json\/wp\/v2\/types\/product"}],"replies":[{"embeddable":true,"href":"https:\/\/ultrachoice.haikode.com\/ar\/wp-json\/wp\/v2\/comments?post=29529"}],"version-history":[{"count":1,"href":"https:\/\/ultrachoice.haikode.com\/ar\/wp-json\/wp\/v2\/product\/29529\/revisions"}],"predecessor-version":[{"id":29531,"href":"https:\/\/ultrachoice.haikode.com\/ar\/wp-json\/wp\/v2\/product\/29529\/revisions\/29531"}],"wp:featuredmedia":[{"embeddable":true,"href":"https:\/\/ultrachoice.haikode.com\/ar\/wp-json\/wp\/v2\/media\/29530"}],"wp:attachment":[{"href":"https:\/\/ultrachoice.haikode.com\/ar\/wp-json\/wp\/v2\/media?parent=29529"}],"wp:term":[{"taxonomy":"product_brand","embeddable":true,"href":"https:\/\/ultrachoice.haikode.com\/ar\/wp-json\/wp\/v2\/product_brand?post=29529"},{"taxonomy":"product_cat","embeddable":true,"href":"https:\/\/ultrachoice.haikode.com\/ar\/wp-json\/wp\/v2\/product_cat?post=29529"},{"taxonomy":"product_tag","embeddable":true,"href":"https:\/\/ultrachoice.haikode.com\/ar\/wp-json\/wp\/v2\/product_tag?post=29529"}],"curies":[{"name":"wp","href":"https:\/\/api.w.org\/{rel}","templated":true}]}}