{"id":29526,"date":"2025-11-18T19:24:36","date_gmt":"2025-11-18T19:24:36","guid":{"rendered":"https:\/\/ultrachoice.haikode.com\/?post_type=product&#038;p=29526"},"modified":"2025-11-18T19:24:36","modified_gmt":"2025-11-18T19:24:36","slug":"msi-a520m-a-pro","status":"publish","type":"product","link":"https:\/\/ultrachoice.haikode.com\/ar\/product\/msi-a520m-a-pro\/","title":{"rendered":"MSI A520M-A PRO"},"content":{"rendered":"<p>Bas\u00e9e sur le chipset\u00a0AMD A520, la carte m\u00e8re\u00a0MSI A520M-A PRO\u00a0est con\u00e7ue pour accueillir les processeurs\u00a0AMD Ryzen\u00a0sur socket AM4 \u00e0 partir de la g\u00e9n\u00e9ration Zen 2. Elle permettra l&rsquo;assemblage d&rsquo;une\u00a0configuration multim\u00e9dia\u00a0ou\u00a0bureautique\u00a0performante et en conservant une taille r\u00e9duite. Gr\u00e2ce au support de\u00a0cartes graphique\u00a0PCI-Express 3.0 16x, des disques\u00a0SATA 6Gb\/s et M.2, de la m\u00e9moire vive\u00a0DDR4\u00a0et de la norme\u00a0USB 3.0, cette carte m\u00e8re dispose de tout le n\u00e9cessaire pour composer un PC \u00e9quilibr\u00e9 \u00e0 co\u00fbt raisonnable.<\/p>","protected":false},"excerpt":{"rendered":"<p>Carte m\u00e8re Micro ATX Socket AM4 AMD A520 &#8211; 2x DDR4 &#8211; M.2 PCIe NVMe &#8211; USB 3.0 &#8211; 1x PCI-Express 3.0 16x<\/p>","protected":false},"featured_media":29527,"comment_status":"open","ping_status":"closed","template":"","meta":{"content-type":""},"product_brand":[329],"product_cat":[259],"product_tag":[],"class_list":{"0":"post-29526","1":"product","2":"type-product","3":"status-publish","4":"has-post-thumbnail","6":"product_brand-msi","7":"product_cat-motherboards","9":"first","10":"onbackorder","11":"sale","12":"shipping-taxable","13":"purchasable","14":"product-type-simple"},"_links":{"self":[{"href":"https:\/\/ultrachoice.haikode.com\/ar\/wp-json\/wp\/v2\/product\/29526","targetHints":{"allow":["GET"]}}],"collection":[{"href":"https:\/\/ultrachoice.haikode.com\/ar\/wp-json\/wp\/v2\/product"}],"about":[{"href":"https:\/\/ultrachoice.haikode.com\/ar\/wp-json\/wp\/v2\/types\/product"}],"replies":[{"embeddable":true,"href":"https:\/\/ultrachoice.haikode.com\/ar\/wp-json\/wp\/v2\/comments?post=29526"}],"version-history":[{"count":1,"href":"https:\/\/ultrachoice.haikode.com\/ar\/wp-json\/wp\/v2\/product\/29526\/revisions"}],"predecessor-version":[{"id":29528,"href":"https:\/\/ultrachoice.haikode.com\/ar\/wp-json\/wp\/v2\/product\/29526\/revisions\/29528"}],"wp:featuredmedia":[{"embeddable":true,"href":"https:\/\/ultrachoice.haikode.com\/ar\/wp-json\/wp\/v2\/media\/29527"}],"wp:attachment":[{"href":"https:\/\/ultrachoice.haikode.com\/ar\/wp-json\/wp\/v2\/media?parent=29526"}],"wp:term":[{"taxonomy":"product_brand","embeddable":true,"href":"https:\/\/ultrachoice.haikode.com\/ar\/wp-json\/wp\/v2\/product_brand?post=29526"},{"taxonomy":"product_cat","embeddable":true,"href":"https:\/\/ultrachoice.haikode.com\/ar\/wp-json\/wp\/v2\/product_cat?post=29526"},{"taxonomy":"product_tag","embeddable":true,"href":"https:\/\/ultrachoice.haikode.com\/ar\/wp-json\/wp\/v2\/product_tag?post=29526"}],"curies":[{"name":"wp","href":"https:\/\/api.w.org\/{rel}","templated":true}]}}