{"id":29513,"date":"2025-11-14T17:08:48","date_gmt":"2025-11-14T17:08:48","guid":{"rendered":"https:\/\/ultrachoice.haikode.com\/?post_type=product&#038;p=29513"},"modified":"2025-11-14T17:17:10","modified_gmt":"2025-11-14T17:17:10","slug":"msi-geforce-rtx-3050-ventus-2x-xs-oc-8gb-gddr6","status":"publish","type":"product","link":"https:\/\/ultrachoice.haikode.com\/ar\/product\/msi-geforce-rtx-3050-ventus-2x-xs-oc-8gb-gddr6\/","title":{"rendered":"MSI GeForce RTX 3050 VENTUS 2X XS OC 8GB GDDR6"},"content":{"rendered":"<p>Des graphismes sublim\u00e9s, une fluidit\u00e9 remarquable et un r\u00e9alisme incroyable vous permettront de profiter au mieux des jeux PC en Full HD. Il ne vous reste plus qu&rsquo;\u00e0 plonger au coeur de l&rsquo;action et \u00e0 vous immerger totalement dans la partie. La\u00a0carte graphique MSI GeForce RTX 3050 VENTUS 2X XS OC 8G\u00a0embarque\u00a08 Go de m\u00e9moire vid\u00e9o\u00a0de nouvelle g\u00e9n\u00e9ration\u00a0GDDR6. La carte graphique GeForce RTX 3050 met \u00e0 votre disposition les performances graphiques r\u00e9volutionnaires de l\u2019architecture NVIDIA Ampere. Faites tourner en toute fluidit\u00e9 les jeux les plus r\u00e9cents gr\u00e2ce \u00e0 ses c\u0153urs RT de deuxi\u00e8me g\u00e9n\u00e9ration, ses c\u0153urs Tensor de troisi\u00e8me g\u00e9n\u00e9ration, de nouveaux multiprocesseurs de flux et une m\u00e9moire GDDR6 ultra-rapide.<\/p>","protected":false},"excerpt":{"rendered":"<p>8 Go GDDR6 &#8211; HDMI\/DVI\/DisplayPort &#8211; PCI Express (NVIDIA GeForce RTX 3050)<\/p>","protected":false},"featured_media":29514,"comment_status":"open","ping_status":"closed","template":"","meta":{"content-type":""},"product_brand":[329],"product_cat":[256],"product_tag":[],"class_list":{"0":"post-29513","1":"product","2":"type-product","3":"status-publish","4":"has-post-thumbnail","6":"product_brand-msi","7":"product_cat-graphics-cards","9":"first","10":"onbackorder","11":"sale","12":"shipping-taxable","13":"purchasable","14":"product-type-simple"},"_links":{"self":[{"href":"https:\/\/ultrachoice.haikode.com\/ar\/wp-json\/wp\/v2\/product\/29513","targetHints":{"allow":["GET"]}}],"collection":[{"href":"https:\/\/ultrachoice.haikode.com\/ar\/wp-json\/wp\/v2\/product"}],"about":[{"href":"https:\/\/ultrachoice.haikode.com\/ar\/wp-json\/wp\/v2\/types\/product"}],"replies":[{"embeddable":true,"href":"https:\/\/ultrachoice.haikode.com\/ar\/wp-json\/wp\/v2\/comments?post=29513"}],"version-history":[{"count":1,"href":"https:\/\/ultrachoice.haikode.com\/ar\/wp-json\/wp\/v2\/product\/29513\/revisions"}],"predecessor-version":[{"id":29518,"href":"https:\/\/ultrachoice.haikode.com\/ar\/wp-json\/wp\/v2\/product\/29513\/revisions\/29518"}],"wp:featuredmedia":[{"embeddable":true,"href":"https:\/\/ultrachoice.haikode.com\/ar\/wp-json\/wp\/v2\/media\/29514"}],"wp:attachment":[{"href":"https:\/\/ultrachoice.haikode.com\/ar\/wp-json\/wp\/v2\/media?parent=29513"}],"wp:term":[{"taxonomy":"product_brand","embeddable":true,"href":"https:\/\/ultrachoice.haikode.com\/ar\/wp-json\/wp\/v2\/product_brand?post=29513"},{"taxonomy":"product_cat","embeddable":true,"href":"https:\/\/ultrachoice.haikode.com\/ar\/wp-json\/wp\/v2\/product_cat?post=29513"},{"taxonomy":"product_tag","embeddable":true,"href":"https:\/\/ultrachoice.haikode.com\/ar\/wp-json\/wp\/v2\/product_tag?post=29513"}],"curies":[{"name":"wp","href":"https:\/\/api.w.org\/{rel}","templated":true}]}}