{"id":29508,"date":"2025-11-14T16:57:50","date_gmt":"2025-11-14T16:57:50","guid":{"rendered":"https:\/\/ultrachoice.haikode.com\/?post_type=product&#038;p=29508"},"modified":"2025-11-14T16:57:50","modified_gmt":"2025-11-14T16:57:50","slug":"msi-mag-255f-e20-24-5-fast-ips-200hz","status":"publish","type":"product","link":"https:\/\/ultrachoice.haikode.com\/ar\/product\/msi-mag-255f-e20-24-5-fast-ips-200hz\/","title":{"rendered":"MSI MAG 255F E20 24.5&Prime; Fast IPS 200Hz"},"content":{"rendered":"<p>Le moniteur\u00a0<strong data-start=\"348\" data-end=\"368\">MSI MAG 255F E20<\/strong>\u00a0est con\u00e7u pour les gamers exigeants recherchant fluidit\u00e9, rapidit\u00e9 et performance dans un format compact. Avec une dalle Rapid IPS de\u00a0<strong data-start=\"503\" data-end=\"528\">24,5 pouces (62,2 cm)<\/strong>\u00a0en r\u00e9solution Full HD (1920\u00d71080), il offre une surface de jeu optimale sans compromis. Sa\u00a0<strong data-start=\"660\" data-end=\"703\">fr\u00e9quence de rafra\u00eechissement de 200 Hz<\/strong>\u00a0coupl\u00e9e \u00e0 un temps de r\u00e9ponse ultra-rapide de\u00a0<strong data-start=\"750\" data-end=\"766\">0,5 ms (GtG)<\/strong>\u00a0garantit des images fluides, sans flou de mouvement \u2014 un atout pour les jeux comp\u00e9titifs (FPS, e-sports).<\/p>","protected":false},"excerpt":{"rendered":"<p>Ecran PC Full HD 1080p &#8211; 1920 x 1080 pixels &#8211; 0.5 ms (gris \u00e0 gris) &#8211; 16\/9 &#8211; Dalle IPS &#8211; 200 Hz &#8211; FreeSync Premium &#8211; HDR &#8211; DisplayPort\/HDMI &#8211; Noir<\/p>","protected":false},"featured_media":29509,"comment_status":"open","ping_status":"closed","template":"","meta":{"content-type":""},"product_brand":[329],"product_cat":[236,232],"product_tag":[],"class_list":{"0":"post-29508","1":"product","2":"type-product","3":"status-publish","4":"has-post-thumbnail","6":"product_brand-msi","7":"product_cat-gaming-monitors","8":"product_cat-monitors","10":"first","11":"onbackorder","12":"sale","13":"shipping-taxable","14":"purchasable","15":"product-type-simple"},"_links":{"self":[{"href":"https:\/\/ultrachoice.haikode.com\/ar\/wp-json\/wp\/v2\/product\/29508","targetHints":{"allow":["GET"]}}],"collection":[{"href":"https:\/\/ultrachoice.haikode.com\/ar\/wp-json\/wp\/v2\/product"}],"about":[{"href":"https:\/\/ultrachoice.haikode.com\/ar\/wp-json\/wp\/v2\/types\/product"}],"replies":[{"embeddable":true,"href":"https:\/\/ultrachoice.haikode.com\/ar\/wp-json\/wp\/v2\/comments?post=29508"}],"version-history":[{"count":1,"href":"https:\/\/ultrachoice.haikode.com\/ar\/wp-json\/wp\/v2\/product\/29508\/revisions"}],"predecessor-version":[{"id":29512,"href":"https:\/\/ultrachoice.haikode.com\/ar\/wp-json\/wp\/v2\/product\/29508\/revisions\/29512"}],"wp:featuredmedia":[{"embeddable":true,"href":"https:\/\/ultrachoice.haikode.com\/ar\/wp-json\/wp\/v2\/media\/29509"}],"wp:attachment":[{"href":"https:\/\/ultrachoice.haikode.com\/ar\/wp-json\/wp\/v2\/media?parent=29508"}],"wp:term":[{"taxonomy":"product_brand","embeddable":true,"href":"https:\/\/ultrachoice.haikode.com\/ar\/wp-json\/wp\/v2\/product_brand?post=29508"},{"taxonomy":"product_cat","embeddable":true,"href":"https:\/\/ultrachoice.haikode.com\/ar\/wp-json\/wp\/v2\/product_cat?post=29508"},{"taxonomy":"product_tag","embeddable":true,"href":"https:\/\/ultrachoice.haikode.com\/ar\/wp-json\/wp\/v2\/product_tag?post=29508"}],"curies":[{"name":"wp","href":"https:\/\/api.w.org\/{rel}","templated":true}]}}