{"id":29495,"date":"2025-11-14T16:45:39","date_gmt":"2025-11-14T16:45:39","guid":{"rendered":"https:\/\/ultrachoice.haikode.com\/?post_type=product&#038;p=29495"},"modified":"2025-11-14T16:45:39","modified_gmt":"2025-11-14T16:45:39","slug":"xtrmlab-x24g14iff-23-8-144hz-ips","status":"publish","type":"product","link":"https:\/\/ultrachoice.haikode.com\/ar\/product\/xtrmlab-x24g14iff-23-8-144hz-ips\/","title":{"rendered":"XTRMLAB X24G14IFF 23.8&Prime; 144Hz IPS"},"content":{"rendered":"<p data-start=\"285\" data-end=\"623\">D\u00e9couvrez le\u00a0<strong data-start=\"298\" data-end=\"319\">XTRMLAB X24G14IFF<\/strong>, un \u00e9cran PC\u00a0<strong data-start=\"333\" data-end=\"364\">Full HD 1080p (1920 \u00d7 1080)<\/strong>\u00a0de\u00a0<strong data-start=\"368\" data-end=\"383\">23.8 pouces<\/strong>, con\u00e7u pour offrir une exp\u00e9rience visuelle fluide, pr\u00e9cise et immersive. Gr\u00e2ce \u00e0 sa\u00a0<strong data-start=\"468\" data-end=\"481\">dalle IPS<\/strong>, profitez de\u00a0<strong data-start=\"495\" data-end=\"544\">couleurs riches et d\u2019un large angle de vision<\/strong>, id\u00e9al pour le\u00a0<strong data-start=\"560\" data-end=\"570\">gaming<\/strong>, le\u00a0<strong data-start=\"575\" data-end=\"598\">montage photo\/vid\u00e9o<\/strong>\u00a0ou le\u00a0<strong data-start=\"605\" data-end=\"620\">t\u00e9l\u00e9travail<\/strong>.<\/p>\n<p data-start=\"625\" data-end=\"837\">Avec un\u00a0<strong data-start=\"633\" data-end=\"671\">taux de rafra\u00eechissement de 144 Hz<\/strong>\u00a0et un\u00a0<strong data-start=\"678\" data-end=\"720\">temps de r\u00e9ponse de 5 ms (gris \u00e0 gris)<\/strong>, ce moniteur garantit une\u00a0<strong data-start=\"747\" data-end=\"769\">image ultra fluide<\/strong>\u00a0et sans d\u00e9chirure, parfaite pour les jeux rapides et comp\u00e9titifs. Son\u00a0<strong data-start=\"843\" data-end=\"880\">design borderless sur trois c\u00f4t\u00e9s<\/strong>\u00a0apporte une touche moderne et \u00e9l\u00e9gante \u00e0 votre setup, tout en facilitant l\u2019utilisation de plusieurs \u00e9crans c\u00f4te \u00e0 c\u00f4te.<\/p>","protected":false},"excerpt":{"rendered":"<p>Ecran PC Full HD 1080p &#8211; 1920 x 1080 pixels &#8211; 5 ms (gris \u00e0 gris) &#8211; 16\/9 &#8211; Dalle IPS &#8211; 144 Hz &#8211; Haut-parleurs &#8211; HDMI\/VGA &#8211; Noir<\/p>","protected":false},"featured_media":29496,"comment_status":"open","ping_status":"closed","template":"","meta":{"content-type":""},"product_brand":[316],"product_cat":[236,232],"product_tag":[],"class_list":{"0":"post-29495","1":"product","2":"type-product","3":"status-publish","4":"has-post-thumbnail","6":"product_brand-xtrmlab","7":"product_cat-gaming-monitors","8":"product_cat-monitors","10":"first","11":"onbackorder","12":"sale","13":"shipping-taxable","14":"purchasable","15":"product-type-simple"},"_links":{"self":[{"href":"https:\/\/ultrachoice.haikode.com\/ar\/wp-json\/wp\/v2\/product\/29495","targetHints":{"allow":["GET"]}}],"collection":[{"href":"https:\/\/ultrachoice.haikode.com\/ar\/wp-json\/wp\/v2\/product"}],"about":[{"href":"https:\/\/ultrachoice.haikode.com\/ar\/wp-json\/wp\/v2\/types\/product"}],"replies":[{"embeddable":true,"href":"https:\/\/ultrachoice.haikode.com\/ar\/wp-json\/wp\/v2\/comments?post=29495"}],"version-history":[{"count":1,"href":"https:\/\/ultrachoice.haikode.com\/ar\/wp-json\/wp\/v2\/product\/29495\/revisions"}],"predecessor-version":[{"id":29500,"href":"https:\/\/ultrachoice.haikode.com\/ar\/wp-json\/wp\/v2\/product\/29495\/revisions\/29500"}],"wp:featuredmedia":[{"embeddable":true,"href":"https:\/\/ultrachoice.haikode.com\/ar\/wp-json\/wp\/v2\/media\/29496"}],"wp:attachment":[{"href":"https:\/\/ultrachoice.haikode.com\/ar\/wp-json\/wp\/v2\/media?parent=29495"}],"wp:term":[{"taxonomy":"product_brand","embeddable":true,"href":"https:\/\/ultrachoice.haikode.com\/ar\/wp-json\/wp\/v2\/product_brand?post=29495"},{"taxonomy":"product_cat","embeddable":true,"href":"https:\/\/ultrachoice.haikode.com\/ar\/wp-json\/wp\/v2\/product_cat?post=29495"},{"taxonomy":"product_tag","embeddable":true,"href":"https:\/\/ultrachoice.haikode.com\/ar\/wp-json\/wp\/v2\/product_tag?post=29495"}],"curies":[{"name":"wp","href":"https:\/\/api.w.org\/{rel}","templated":true}]}}