{"id":29492,"date":"2025-11-14T16:34:51","date_gmt":"2025-11-14T16:34:51","guid":{"rendered":"https:\/\/ultrachoice.haikode.com\/?post_type=product&#038;p=29492"},"modified":"2025-11-18T19:18:51","modified_gmt":"2025-11-18T19:18:51","slug":"teamgroup-mp33-pro-m-2-pcie-nvme-512gb","status":"publish","type":"product","link":"https:\/\/ultrachoice.haikode.com\/ar\/product\/teamgroup-mp33-pro-m-2-pcie-nvme-512gb\/","title":{"rendered":"TeamGroup MP33 PRO M.2 PCIe NVMe 512GB"},"content":{"rendered":"<p>Le SSD\u00a0<strong>TeamGroup MP33 PRO M.2 PCIe NVMe 512GB<\/strong>\u00a0allie grande capacit\u00e9 de stockage \u00e0 la technologie PCIe 3.0 x4 NVMe pour m\u00e9tamorphoser votre PC en b\u00e9n\u00e9ficiant de temps de chargement plus courts et des transferts de donn\u00e9es plus rapides. Avec des vitesses de lecture jusqu&rsquo;\u00e0 3400 Mo\/s et d&rsquo;\u00e9criture jusqu&rsquo;\u00e0 2600 Mo\/s tout devient plus rapide et plus fluide. Le d\u00e9marrage de votre PC et l&rsquo;utilisation de logiciels lourds deviennent une simple formalit\u00e9 gr\u00e2ce \u00e0 ce SSD TeamGroup MP33 PRO.<\/p>","protected":false},"excerpt":{"rendered":"<p>SSD 512 Go M.2 PCI-E 3.0 4x NVM<\/p>","protected":false},"featured_media":29493,"comment_status":"open","ping_status":"closed","template":"","meta":{"content-type":""},"product_brand":[],"product_cat":[262],"product_tag":[],"class_list":{"0":"post-29492","1":"product","2":"type-product","3":"status-publish","4":"has-post-thumbnail","6":"product_cat-ssd-drive","8":"first","9":"onbackorder","10":"sale","11":"shipping-taxable","12":"purchasable","13":"product-type-simple"},"_links":{"self":[{"href":"https:\/\/ultrachoice.haikode.com\/ar\/wp-json\/wp\/v2\/product\/29492","targetHints":{"allow":["GET"]}}],"collection":[{"href":"https:\/\/ultrachoice.haikode.com\/ar\/wp-json\/wp\/v2\/product"}],"about":[{"href":"https:\/\/ultrachoice.haikode.com\/ar\/wp-json\/wp\/v2\/types\/product"}],"replies":[{"embeddable":true,"href":"https:\/\/ultrachoice.haikode.com\/ar\/wp-json\/wp\/v2\/comments?post=29492"}],"version-history":[{"count":1,"href":"https:\/\/ultrachoice.haikode.com\/ar\/wp-json\/wp\/v2\/product\/29492\/revisions"}],"predecessor-version":[{"id":29494,"href":"https:\/\/ultrachoice.haikode.com\/ar\/wp-json\/wp\/v2\/product\/29492\/revisions\/29494"}],"wp:featuredmedia":[{"embeddable":true,"href":"https:\/\/ultrachoice.haikode.com\/ar\/wp-json\/wp\/v2\/media\/29493"}],"wp:attachment":[{"href":"https:\/\/ultrachoice.haikode.com\/ar\/wp-json\/wp\/v2\/media?parent=29492"}],"wp:term":[{"taxonomy":"product_brand","embeddable":true,"href":"https:\/\/ultrachoice.haikode.com\/ar\/wp-json\/wp\/v2\/product_brand?post=29492"},{"taxonomy":"product_cat","embeddable":true,"href":"https:\/\/ultrachoice.haikode.com\/ar\/wp-json\/wp\/v2\/product_cat?post=29492"},{"taxonomy":"product_tag","embeddable":true,"href":"https:\/\/ultrachoice.haikode.com\/ar\/wp-json\/wp\/v2\/product_tag?post=29492"}],"curies":[{"name":"wp","href":"https:\/\/api.w.org\/{rel}","templated":true}]}}