{"id":29489,"date":"2025-11-14T16:26:01","date_gmt":"2025-11-14T16:26:01","guid":{"rendered":"https:\/\/ultrachoice.haikode.com\/?post_type=product&#038;p=29489"},"modified":"2025-11-18T19:19:26","modified_gmt":"2025-11-18T19:19:26","slug":"intenso-high-performance-256gb","status":"publish","type":"product","link":"https:\/\/ultrachoice.haikode.com\/ar\/product\/intenso-high-performance-256gb\/","title":{"rendered":"Intenso High Performance 256GB"},"content":{"rendered":"<p>Le\u00a0<b>Intenso High Performance 256GB<\/b>\u00a0dispose d&rsquo;une bonne\u00a0 capacit\u00e9 de stockage. Il est con\u00e7u pour les particuliers qui recherchent \u00e0 mettre \u00e0 niveau leur PC, pour leur permettre de gagner en vitesse et en r\u00e9activit\u00e9. Vous profitez de d\u00e9marrage plus rapide, d&rsquo;acc\u00e8s imm\u00e9diat \u00e0 vos fichiers et l&rsquo;ouverture de vos applications sans aucune attente.<\/p>","protected":false},"excerpt":{"rendered":"<p>SSD 256 Go SATA III 2.5&Prime;<\/p>","protected":false},"featured_media":29490,"comment_status":"open","ping_status":"closed","template":"","meta":{"content-type":""},"product_brand":[],"product_cat":[262],"product_tag":[],"class_list":{"0":"post-29489","1":"product","2":"type-product","3":"status-publish","4":"has-post-thumbnail","6":"product_cat-ssd-drive","8":"first","9":"onbackorder","10":"sale","11":"shipping-taxable","12":"purchasable","13":"product-type-simple"},"_links":{"self":[{"href":"https:\/\/ultrachoice.haikode.com\/ar\/wp-json\/wp\/v2\/product\/29489","targetHints":{"allow":["GET"]}}],"collection":[{"href":"https:\/\/ultrachoice.haikode.com\/ar\/wp-json\/wp\/v2\/product"}],"about":[{"href":"https:\/\/ultrachoice.haikode.com\/ar\/wp-json\/wp\/v2\/types\/product"}],"replies":[{"embeddable":true,"href":"https:\/\/ultrachoice.haikode.com\/ar\/wp-json\/wp\/v2\/comments?post=29489"}],"version-history":[{"count":1,"href":"https:\/\/ultrachoice.haikode.com\/ar\/wp-json\/wp\/v2\/product\/29489\/revisions"}],"predecessor-version":[{"id":29491,"href":"https:\/\/ultrachoice.haikode.com\/ar\/wp-json\/wp\/v2\/product\/29489\/revisions\/29491"}],"wp:featuredmedia":[{"embeddable":true,"href":"https:\/\/ultrachoice.haikode.com\/ar\/wp-json\/wp\/v2\/media\/29490"}],"wp:attachment":[{"href":"https:\/\/ultrachoice.haikode.com\/ar\/wp-json\/wp\/v2\/media?parent=29489"}],"wp:term":[{"taxonomy":"product_brand","embeddable":true,"href":"https:\/\/ultrachoice.haikode.com\/ar\/wp-json\/wp\/v2\/product_brand?post=29489"},{"taxonomy":"product_cat","embeddable":true,"href":"https:\/\/ultrachoice.haikode.com\/ar\/wp-json\/wp\/v2\/product_cat?post=29489"},{"taxonomy":"product_tag","embeddable":true,"href":"https:\/\/ultrachoice.haikode.com\/ar\/wp-json\/wp\/v2\/product_tag?post=29489"}],"curies":[{"name":"wp","href":"https:\/\/api.w.org\/{rel}","templated":true}]}}