{"id":29481,"date":"2025-11-14T16:20:49","date_gmt":"2025-11-14T16:20:49","guid":{"rendered":"https:\/\/ultrachoice.haikode.com\/?post_type=product&#038;p=29481"},"modified":"2025-11-14T16:20:49","modified_gmt":"2025-11-14T16:20:49","slug":"xtrmlab-xp-550b-80-bronze-550w","status":"publish","type":"product","link":"https:\/\/ultrachoice.haikode.com\/ar\/product\/xtrmlab-xp-550b-80-bronze-550w\/","title":{"rendered":"XTRMLAB XP-550B 80+ BRONZE 550W"},"content":{"rendered":"<p>L&rsquo;alimentation XTRMLAB XP-550B est con\u00e7u pour d\u00e9livrer jusqu&rsquo;\u00e0 550W de puissance de mani\u00e8re s\u00fbre et \u00e9quilibr\u00e9e, afin de permettre \u00e0 votre ordinateur de tirer le maximum de ses performances. La certification 80Plus Bronze garantit performances et long\u00e9vit\u00e9.<\/p>","protected":false},"excerpt":{"rendered":"<p>ALIMENTATION 550W ATX 12V &#8211; 80PLUS BRONZE<\/p>","protected":false},"featured_media":29483,"comment_status":"open","ping_status":"closed","template":"","meta":{"content-type":""},"product_brand":[316],"product_cat":[260],"product_tag":[],"class_list":{"0":"post-29481","1":"product","2":"type-product","3":"status-publish","4":"has-post-thumbnail","6":"product_brand-xtrmlab","7":"product_cat-pc-power-supply-unit","9":"first","10":"onbackorder","11":"sale","12":"shipping-taxable","13":"purchasable","14":"product-type-simple"},"_links":{"self":[{"href":"https:\/\/ultrachoice.haikode.com\/ar\/wp-json\/wp\/v2\/product\/29481","targetHints":{"allow":["GET"]}}],"collection":[{"href":"https:\/\/ultrachoice.haikode.com\/ar\/wp-json\/wp\/v2\/product"}],"about":[{"href":"https:\/\/ultrachoice.haikode.com\/ar\/wp-json\/wp\/v2\/types\/product"}],"replies":[{"embeddable":true,"href":"https:\/\/ultrachoice.haikode.com\/ar\/wp-json\/wp\/v2\/comments?post=29481"}],"version-history":[{"count":1,"href":"https:\/\/ultrachoice.haikode.com\/ar\/wp-json\/wp\/v2\/product\/29481\/revisions"}],"predecessor-version":[{"id":29487,"href":"https:\/\/ultrachoice.haikode.com\/ar\/wp-json\/wp\/v2\/product\/29481\/revisions\/29487"}],"wp:featuredmedia":[{"embeddable":true,"href":"https:\/\/ultrachoice.haikode.com\/ar\/wp-json\/wp\/v2\/media\/29483"}],"wp:attachment":[{"href":"https:\/\/ultrachoice.haikode.com\/ar\/wp-json\/wp\/v2\/media?parent=29481"}],"wp:term":[{"taxonomy":"product_brand","embeddable":true,"href":"https:\/\/ultrachoice.haikode.com\/ar\/wp-json\/wp\/v2\/product_brand?post=29481"},{"taxonomy":"product_cat","embeddable":true,"href":"https:\/\/ultrachoice.haikode.com\/ar\/wp-json\/wp\/v2\/product_cat?post=29481"},{"taxonomy":"product_tag","embeddable":true,"href":"https:\/\/ultrachoice.haikode.com\/ar\/wp-json\/wp\/v2\/product_tag?post=29481"}],"curies":[{"name":"wp","href":"https:\/\/api.w.org\/{rel}","templated":true}]}}