{"id":29475,"date":"2025-11-14T16:05:07","date_gmt":"2025-11-14T16:05:07","guid":{"rendered":"https:\/\/ultrachoice.haikode.com\/?post_type=product&#038;p=29475"},"modified":"2025-11-14T16:16:39","modified_gmt":"2025-11-14T16:16:39","slug":"xtrmlab-xp-650b-80-bronze-650w","status":"publish","type":"product","link":"https:\/\/ultrachoice.haikode.com\/ar\/product\/xtrmlab-xp-650b-80-bronze-650w\/","title":{"rendered":"XTRMLAB XP-650B 80+ BRONZE 650W"},"content":{"rendered":"<p>L&rsquo;alimentation XTRMLAB XP-650B est con\u00e7u pour d\u00e9livrer jusqu&rsquo;\u00e0 550W de puissance de mani\u00e8re s\u00fbre et \u00e9quilibr\u00e9e, afin de permettre \u00e0 votre ordinateur de tirer le maximum de ses performances. La certification 80Plus Bronze garantit performances et long\u00e9vit\u00e9.<\/p>","protected":false},"excerpt":{"rendered":"<p>ALIMENTATION 650W ATX 12V &#8211; 80PLUS BRONZE<\/p>","protected":false},"featured_media":29479,"comment_status":"open","ping_status":"closed","template":"","meta":{"content-type":""},"product_brand":[316],"product_cat":[260],"product_tag":[],"class_list":{"0":"post-29475","1":"product","2":"type-product","3":"status-publish","4":"has-post-thumbnail","6":"product_brand-xtrmlab","7":"product_cat-pc-power-supply-unit","9":"first","10":"onbackorder","11":"sale","12":"shipping-taxable","13":"purchasable","14":"product-type-simple"},"_links":{"self":[{"href":"https:\/\/ultrachoice.haikode.com\/ar\/wp-json\/wp\/v2\/product\/29475","targetHints":{"allow":["GET"]}}],"collection":[{"href":"https:\/\/ultrachoice.haikode.com\/ar\/wp-json\/wp\/v2\/product"}],"about":[{"href":"https:\/\/ultrachoice.haikode.com\/ar\/wp-json\/wp\/v2\/types\/product"}],"replies":[{"embeddable":true,"href":"https:\/\/ultrachoice.haikode.com\/ar\/wp-json\/wp\/v2\/comments?post=29475"}],"version-history":[{"count":1,"href":"https:\/\/ultrachoice.haikode.com\/ar\/wp-json\/wp\/v2\/product\/29475\/revisions"}],"predecessor-version":[{"id":29480,"href":"https:\/\/ultrachoice.haikode.com\/ar\/wp-json\/wp\/v2\/product\/29475\/revisions\/29480"}],"wp:featuredmedia":[{"embeddable":true,"href":"https:\/\/ultrachoice.haikode.com\/ar\/wp-json\/wp\/v2\/media\/29479"}],"wp:attachment":[{"href":"https:\/\/ultrachoice.haikode.com\/ar\/wp-json\/wp\/v2\/media?parent=29475"}],"wp:term":[{"taxonomy":"product_brand","embeddable":true,"href":"https:\/\/ultrachoice.haikode.com\/ar\/wp-json\/wp\/v2\/product_brand?post=29475"},{"taxonomy":"product_cat","embeddable":true,"href":"https:\/\/ultrachoice.haikode.com\/ar\/wp-json\/wp\/v2\/product_cat?post=29475"},{"taxonomy":"product_tag","embeddable":true,"href":"https:\/\/ultrachoice.haikode.com\/ar\/wp-json\/wp\/v2\/product_tag?post=29475"}],"curies":[{"name":"wp","href":"https:\/\/api.w.org\/{rel}","templated":true}]}}