{"id":29458,"date":"2025-11-10T22:43:34","date_gmt":"2025-11-10T22:43:34","guid":{"rendered":"https:\/\/ultrachoice.haikode.com\/?post_type=product&#038;p=29458"},"modified":"2025-11-10T22:55:09","modified_gmt":"2025-11-10T22:55:09","slug":"connect-bolt-argb","status":"publish","type":"product","link":"https:\/\/ultrachoice.haikode.com\/ar\/product\/connect-bolt-argb\/","title":{"rendered":"Connect Bolt ARGB"},"content":{"rendered":"<p>Le\u00a0<span style=\"color: #800080;\"><a style=\"color: #800080;\" href=\"https:\/\/connectgaming.ma\/?_ga=2.20161976.124565155.1725872383-1757890736.1710554979\" target=\"_blank\" rel=\"noreferrer noopener\"><strong><span style=\"color: #000000;\">bo\u00eetier gamer<\/span> CONNECT Bolt ARGB<\/strong><\/a>\u00a0<\/span>est un\u00a0<strong>Moyen Tour<\/strong>\u00a0qui combine \u00e9l\u00e9gance et fonctionnalit\u00e9. Avec ses mat\u00e9riaux en\u00a0<strong>ABS plastic<\/strong>\u00a0et sa bande\u00a0<strong>ARGB<\/strong>\u00a0lumineuse, il s&rsquo;int\u00e8gre parfaitement dans un setup gaming moderne. Ce<span style=\"color: #000000;\">\u00a0<\/span><a href=\"https:\/\/nextlevelpc.ma\/categorie-produit\/composants\/boitier-gamer\/\" target=\"_blank\" rel=\"noreferrer noopener\"><span style=\"color: #000000;\"><strong>bo\u00eetier<\/strong><\/span><span style=\"color: #800080;\">\u00a0<\/span><\/a><span style=\"color: #800080;\">CONNECT Bolt ARGB<\/span> est compatible avec les formats de carte m\u00e8re\u00a0<strong>Micro-ATX, ITX et ATX<\/strong>, offrant une grande flexibilit\u00e9 pour les configurations personnalis\u00e9es. Il est \u00e9quip\u00e9 de<strong>\u00a01 ventilateurs RGB 120 mm<\/strong>\u00a0pour un refroidissement optimal, m\u00eame lors des sessions de jeu intenses. Gr\u00e2ce \u00e0 sa\u00a0<strong>fen\u00eatre lat\u00e9rale<\/strong>, vous pouvez admirer l\u2019int\u00e9rieur de votre PC, mettant en valeur votre mat\u00e9riel. Compact, avec des dimensions de\u00a0<strong>377 x 204 x 430 mm<\/strong>, il s&rsquo;adapte facilement \u00e0 tout espace de travail.<\/p>","protected":false},"excerpt":{"rendered":"<pre class=\"h1\"><span class=\"mb-2\">Bo\u00eetier Moyen Tour avec bande ARGB et fen\u00eatre lat\u00e9rale \u2013 1 ventilateurs RGB inclus \u2013 Compatible Micro-ATX, ITX, ATX<\/span><\/pre>","protected":false},"featured_media":29470,"comment_status":"open","ping_status":"closed","template":"","meta":{"content-type":""},"product_brand":[335],"product_cat":[255],"product_tag":[317,318,332,338],"class_list":{"0":"post-29458","1":"product","2":"type-product","3":"status-publish","4":"has-post-thumbnail","6":"product_brand-connect","7":"product_cat-cases","8":"product_tag-boitier","9":"product_tag-case","10":"product_tag-cases","11":"product_tag-connect-cases","13":"first","14":"instock","15":"sale","16":"shipping-taxable","17":"purchasable","18":"product-type-simple"},"_links":{"self":[{"href":"https:\/\/ultrachoice.haikode.com\/ar\/wp-json\/wp\/v2\/product\/29458","targetHints":{"allow":["GET"]}}],"collection":[{"href":"https:\/\/ultrachoice.haikode.com\/ar\/wp-json\/wp\/v2\/product"}],"about":[{"href":"https:\/\/ultrachoice.haikode.com\/ar\/wp-json\/wp\/v2\/types\/product"}],"replies":[{"embeddable":true,"href":"https:\/\/ultrachoice.haikode.com\/ar\/wp-json\/wp\/v2\/comments?post=29458"}],"version-history":[{"count":5,"href":"https:\/\/ultrachoice.haikode.com\/ar\/wp-json\/wp\/v2\/product\/29458\/revisions"}],"predecessor-version":[{"id":29467,"href":"https:\/\/ultrachoice.haikode.com\/ar\/wp-json\/wp\/v2\/product\/29458\/revisions\/29467"}],"wp:featuredmedia":[{"embeddable":true,"href":"https:\/\/ultrachoice.haikode.com\/ar\/wp-json\/wp\/v2\/media\/29470"}],"wp:attachment":[{"href":"https:\/\/ultrachoice.haikode.com\/ar\/wp-json\/wp\/v2\/media?parent=29458"}],"wp:term":[{"taxonomy":"product_brand","embeddable":true,"href":"https:\/\/ultrachoice.haikode.com\/ar\/wp-json\/wp\/v2\/product_brand?post=29458"},{"taxonomy":"product_cat","embeddable":true,"href":"https:\/\/ultrachoice.haikode.com\/ar\/wp-json\/wp\/v2\/product_cat?post=29458"},{"taxonomy":"product_tag","embeddable":true,"href":"https:\/\/ultrachoice.haikode.com\/ar\/wp-json\/wp\/v2\/product_tag?post=29458"}],"curies":[{"name":"wp","href":"https:\/\/api.w.org\/{rel}","templated":true}]}}