{"id":29405,"date":"2025-11-09T23:28:24","date_gmt":"2025-11-09T23:28:24","guid":{"rendered":"https:\/\/ultrachoice.haikode.com\/?post_type=product&#038;p=29405"},"modified":"2025-11-09T23:39:29","modified_gmt":"2025-11-09T23:39:29","slug":"xtrmlab-lynx","status":"publish","type":"product","link":"https:\/\/ultrachoice.haikode.com\/ar\/product\/xtrmlab-lynx\/","title":{"rendered":"XTRMLAB LYNX"},"content":{"rendered":"<p style=\"padding-left: 40px; text-align: left;\">Le bo\u00eetier <strong>XTRMLAB LYNX<\/strong> sera id\u00e9al pour votre configuration Gaming. Spacieux, il est compatible avec les cartes m\u00e8res micro-ATX et Mini ITX et peu accueillir une carte graphique de 330 mm tout en proposant une ventilation optimis\u00e9e et color\u00e9e gr\u00e2ce \u00e0 un ventilateur ARGB 120 mm inclus \u00e0 l&rsquo;arri\u00e8re.<\/p>","protected":false},"excerpt":{"rendered":"<p>Bo\u00eetier Moyen Tour avec fen\u00eatre en verre tremp\u00e9 et ventilateur ARGB<\/p>","protected":false},"featured_media":29403,"comment_status":"open","ping_status":"closed","template":"","meta":{"content-type":""},"product_brand":[316],"product_cat":[255],"product_tag":[317,318,322,328,327,319,320,321],"class_list":{"0":"post-29405","1":"product","2":"type-product","3":"status-publish","4":"has-post-thumbnail","6":"product_brand-xtrmlab","7":"product_cat-cases","8":"product_tag-boitier","9":"product_tag-case","10":"product_tag-msi-mag","11":"product_tag-xtrmlab-boitiers","12":"product_tag-xtrmlab-cases","13":"product_tag-xtrmlab-galax","14":"product_tag-xtrmlab-lynx","15":"product_tag-xtrmlab-spider","17":"first","18":"instock","19":"sale","20":"shipping-taxable","21":"purchasable","22":"product-type-simple"},"_links":{"self":[{"href":"https:\/\/ultrachoice.haikode.com\/ar\/wp-json\/wp\/v2\/product\/29405","targetHints":{"allow":["GET"]}}],"collection":[{"href":"https:\/\/ultrachoice.haikode.com\/ar\/wp-json\/wp\/v2\/product"}],"about":[{"href":"https:\/\/ultrachoice.haikode.com\/ar\/wp-json\/wp\/v2\/types\/product"}],"replies":[{"embeddable":true,"href":"https:\/\/ultrachoice.haikode.com\/ar\/wp-json\/wp\/v2\/comments?post=29405"}],"version-history":[{"count":2,"href":"https:\/\/ultrachoice.haikode.com\/ar\/wp-json\/wp\/v2\/product\/29405\/revisions"}],"predecessor-version":[{"id":29413,"href":"https:\/\/ultrachoice.haikode.com\/ar\/wp-json\/wp\/v2\/product\/29405\/revisions\/29413"}],"wp:featuredmedia":[{"embeddable":true,"href":"https:\/\/ultrachoice.haikode.com\/ar\/wp-json\/wp\/v2\/media\/29403"}],"wp:attachment":[{"href":"https:\/\/ultrachoice.haikode.com\/ar\/wp-json\/wp\/v2\/media?parent=29405"}],"wp:term":[{"taxonomy":"product_brand","embeddable":true,"href":"https:\/\/ultrachoice.haikode.com\/ar\/wp-json\/wp\/v2\/product_brand?post=29405"},{"taxonomy":"product_cat","embeddable":true,"href":"https:\/\/ultrachoice.haikode.com\/ar\/wp-json\/wp\/v2\/product_cat?post=29405"},{"taxonomy":"product_tag","embeddable":true,"href":"https:\/\/ultrachoice.haikode.com\/ar\/wp-json\/wp\/v2\/product_tag?post=29405"}],"curies":[{"name":"wp","href":"https:\/\/api.w.org\/{rel}","templated":true}]}}