{"id":29396,"date":"2025-11-09T23:13:27","date_gmt":"2025-11-09T23:13:27","guid":{"rendered":"https:\/\/ultrachoice.haikode.com\/?post_type=product&#038;p=29396"},"modified":"2025-11-09T23:43:35","modified_gmt":"2025-11-09T23:43:35","slug":"xtrmlab-galax","status":"publish","type":"product","link":"https:\/\/ultrachoice.haikode.com\/ar\/product\/xtrmlab-galax\/","title":{"rendered":"XTRMLAB Galax"},"content":{"rendered":"<p style=\"text-align: left;\">Sign\u00e9 <strong>XTRMLAB<\/strong> , le bo\u00eetier <strong>GALAX<\/strong> sera id\u00e9al pour votre configuration Gaming. Spacieux, il est compatible avec les cartes m\u00e8res <strong>ATX<\/strong> et <strong>micro-ATX<\/strong> et peu accueillir une carte graphique de 330 mm tout en proposant une ventilation optimis\u00e9e et color\u00e9e gr\u00e2ce \u00e0 un ventilateur ARGB 120 mm inclus \u00e0 l&rsquo;arri\u00e8re. Son design audacieux se traduit par des parois transparentes et un syst\u00e8me ARGB compatible avec la plupart des cartes m\u00e8res \u00e9quip\u00e9es d&rsquo;un connecteur ARGB ce qui illuminera vos composants durant vos parties.<\/p>","protected":false},"excerpt":{"rendered":"<p>Bo\u00eetier<strong> Moyen Tour<\/strong> avec fen\u00eatre en verre tremp\u00e9 et ventilateur ARGB<\/p>","protected":false},"featured_media":29397,"comment_status":"open","ping_status":"closed","template":"","meta":{"content-type":""},"product_brand":[316],"product_cat":[255],"product_tag":[323,317,318,324,322,325,326,328,327,319,320,321],"class_list":{"0":"post-29396","1":"product","2":"type-product","3":"status-publish","4":"has-post-thumbnail","6":"product_brand-xtrmlab","7":"product_cat-cases","8":"product_tag-antec","9":"product_tag-boitier","10":"product_tag-case","11":"product_tag-coller-master","12":"product_tag-msi-mag","13":"product_tag-nox","14":"product_tag-sg","15":"product_tag-xtrmlab-boitiers","16":"product_tag-xtrmlab-cases","17":"product_tag-xtrmlab-galax","18":"product_tag-xtrmlab-lynx","19":"product_tag-xtrmlab-spider","21":"first","22":"instock","23":"sale","24":"shipping-taxable","25":"purchasable","26":"product-type-simple"},"_links":{"self":[{"href":"https:\/\/ultrachoice.haikode.com\/ar\/wp-json\/wp\/v2\/product\/29396","targetHints":{"allow":["GET"]}}],"collection":[{"href":"https:\/\/ultrachoice.haikode.com\/ar\/wp-json\/wp\/v2\/product"}],"about":[{"href":"https:\/\/ultrachoice.haikode.com\/ar\/wp-json\/wp\/v2\/types\/product"}],"replies":[{"embeddable":true,"href":"https:\/\/ultrachoice.haikode.com\/ar\/wp-json\/wp\/v2\/comments?post=29396"}],"version-history":[{"count":2,"href":"https:\/\/ultrachoice.haikode.com\/ar\/wp-json\/wp\/v2\/product\/29396\/revisions"}],"predecessor-version":[{"id":29414,"href":"https:\/\/ultrachoice.haikode.com\/ar\/wp-json\/wp\/v2\/product\/29396\/revisions\/29414"}],"wp:featuredmedia":[{"embeddable":true,"href":"https:\/\/ultrachoice.haikode.com\/ar\/wp-json\/wp\/v2\/media\/29397"}],"wp:attachment":[{"href":"https:\/\/ultrachoice.haikode.com\/ar\/wp-json\/wp\/v2\/media?parent=29396"}],"wp:term":[{"taxonomy":"product_brand","embeddable":true,"href":"https:\/\/ultrachoice.haikode.com\/ar\/wp-json\/wp\/v2\/product_brand?post=29396"},{"taxonomy":"product_cat","embeddable":true,"href":"https:\/\/ultrachoice.haikode.com\/ar\/wp-json\/wp\/v2\/product_cat?post=29396"},{"taxonomy":"product_tag","embeddable":true,"href":"https:\/\/ultrachoice.haikode.com\/ar\/wp-json\/wp\/v2\/product_tag?post=29396"}],"curies":[{"name":"wp","href":"https:\/\/api.w.org\/{rel}","templated":true}]}}