{"id":29394,"date":"2025-11-10T11:35:50","date_gmt":"2025-11-10T11:35:50","guid":{"rendered":"https:\/\/ultrachoice.haikode.com\/?post_type=product&#038;p=29394"},"modified":"2025-11-10T11:38:11","modified_gmt":"2025-11-10T11:38:11","slug":"29394","status":"publish","type":"product","link":"https:\/\/ultrachoice.haikode.com\/ar\/product\/29394\/","title":{"rendered":"MSI MAG FORGE M100A"},"content":{"rendered":"<p>Con\u00e7u pour d\u00e9livrer d&rsquo;excellentes performances, le bo\u00eetier gaming <strong>MSI MAG FORGE M100A<\/strong> peut compter sur ses 4 ventilateurs de 120 mm inclus (6 emplacements maximum) pour refroidir votre machine efficacement. Il accueille des\u00a0cartes-m\u00e8res <strong>Micro-ATX<\/strong> ou <strong>Mini-ITX<\/strong>\u00a0ainsi que des\u00a0cartes graphiques jusqu&rsquo;\u00e0 300 mm\u00a0et est \u00e9galement compatible avec des\u00a0syst\u00e8mes de Watercooling d&rsquo;une longueur maximale de 240\u00a0mm.<\/p>","protected":false},"excerpt":{"rendered":"<p>Con\u00e7u pour d\u00e9livrer d&rsquo;excellentes performances, le bo\u00eetier gaming MSI MAG FORGE M100A peut compter sur ses 4 ventilateurs de 120<\/p>","protected":false},"featured_media":29416,"comment_status":"open","ping_status":"closed","template":"","meta":{"content-type":""},"product_brand":[329],"product_cat":[255],"product_tag":[317,331,318,332,322,330,328,327,319,320],"class_list":{"0":"post-29394","1":"product","2":"type-product","3":"status-publish","4":"has-post-thumbnail","6":"product_brand-msi","7":"product_cat-cases","8":"product_tag-boitier","9":"product_tag-boitier-msi","10":"product_tag-case","11":"product_tag-cases","12":"product_tag-msi-mag","13":"product_tag-msi-mag-forge","14":"product_tag-xtrmlab-boitiers","15":"product_tag-xtrmlab-cases","16":"product_tag-xtrmlab-galax","17":"product_tag-xtrmlab-lynx","19":"first","20":"instock","21":"sale","22":"shipping-taxable","23":"purchasable","24":"product-type-simple"},"_links":{"self":[{"href":"https:\/\/ultrachoice.haikode.com\/ar\/wp-json\/wp\/v2\/product\/29394","targetHints":{"allow":["GET"]}}],"collection":[{"href":"https:\/\/ultrachoice.haikode.com\/ar\/wp-json\/wp\/v2\/product"}],"about":[{"href":"https:\/\/ultrachoice.haikode.com\/ar\/wp-json\/wp\/v2\/types\/product"}],"replies":[{"embeddable":true,"href":"https:\/\/ultrachoice.haikode.com\/ar\/wp-json\/wp\/v2\/comments?post=29394"}],"version-history":[{"count":2,"href":"https:\/\/ultrachoice.haikode.com\/ar\/wp-json\/wp\/v2\/product\/29394\/revisions"}],"predecessor-version":[{"id":29420,"href":"https:\/\/ultrachoice.haikode.com\/ar\/wp-json\/wp\/v2\/product\/29394\/revisions\/29420"}],"wp:featuredmedia":[{"embeddable":true,"href":"https:\/\/ultrachoice.haikode.com\/ar\/wp-json\/wp\/v2\/media\/29416"}],"wp:attachment":[{"href":"https:\/\/ultrachoice.haikode.com\/ar\/wp-json\/wp\/v2\/media?parent=29394"}],"wp:term":[{"taxonomy":"product_brand","embeddable":true,"href":"https:\/\/ultrachoice.haikode.com\/ar\/wp-json\/wp\/v2\/product_brand?post=29394"},{"taxonomy":"product_cat","embeddable":true,"href":"https:\/\/ultrachoice.haikode.com\/ar\/wp-json\/wp\/v2\/product_cat?post=29394"},{"taxonomy":"product_tag","embeddable":true,"href":"https:\/\/ultrachoice.haikode.com\/ar\/wp-json\/wp\/v2\/product_tag?post=29394"}],"curies":[{"name":"wp","href":"https:\/\/api.w.org\/{rel}","templated":true}]}}