{"id":29390,"date":"2025-11-08T19:09:13","date_gmt":"2025-11-08T19:09:13","guid":{"rendered":"https:\/\/ultrachoice.haikode.com\/?post_type=product&#038;p=29390"},"modified":"2025-11-10T20:38:23","modified_gmt":"2025-11-10T20:38:23","slug":"amd-ryzen-5-5600x-3-7-ghz-4-6-ghz-tray","status":"publish","type":"product","link":"https:\/\/ultrachoice.haikode.com\/ar\/product\/amd-ryzen-5-5600x-3-7-ghz-4-6-ghz-tray\/","title":{"rendered":"AMD Ryzen 5 5600X (3.7 GHz \/ 4.6 GHz) Tray"},"content":{"rendered":"<p>Le\u00a0processeur AMD Ryzen 5 5600X\u00a0est taill\u00e9 pour le jeu vid\u00e9o :\u00a06 Cores,\u00a012 Threads\u00a0et\u00a0GameCache 35 Mo. Sans parler des fr\u00e9quences natives et boost qui atteignent des sommets pour vous permettre de profiter de vos jeux pr\u00e9f\u00e9r\u00e9s dans les meilleures conditions. Associez lui une carte graphique hautes performances et vous pourrez jouer de mani\u00e8re optimale. Tout simplement<\/p>","protected":false},"excerpt":{"rendered":"<p style=\"text-align: left;\">Processeur 6-Core 12-Threads socket AM4 Game Cache 35 Mo 7 nm TDP 65W (CPU version Tray neuf sans emballage et sans refroidisseur )<\/p>","protected":false},"featured_media":29388,"comment_status":"open","ping_status":"closed","template":"","meta":{"content-type":""},"product_brand":[308],"product_cat":[261],"product_tag":[312,311,315,314,313,309,310],"class_list":{"0":"post-29390","1":"product","2":"type-product","3":"status-publish","4":"has-post-thumbnail","6":"product_brand-amd","7":"product_cat-processors","8":"product_tag-amd","9":"product_tag-cpu","10":"product_tag-gamer","11":"product_tag-gaming","12":"product_tag-intel","13":"product_tag-ryzen","14":"product_tag-ryzen5","16":"first","17":"onbackorder","18":"sale","19":"shipping-taxable","20":"purchasable","21":"product-type-simple"},"_links":{"self":[{"href":"https:\/\/ultrachoice.haikode.com\/ar\/wp-json\/wp\/v2\/product\/29390","targetHints":{"allow":["GET"]}}],"collection":[{"href":"https:\/\/ultrachoice.haikode.com\/ar\/wp-json\/wp\/v2\/product"}],"about":[{"href":"https:\/\/ultrachoice.haikode.com\/ar\/wp-json\/wp\/v2\/types\/product"}],"replies":[{"embeddable":true,"href":"https:\/\/ultrachoice.haikode.com\/ar\/wp-json\/wp\/v2\/comments?post=29390"}],"version-history":[{"count":3,"href":"https:\/\/ultrachoice.haikode.com\/ar\/wp-json\/wp\/v2\/product\/29390\/revisions"}],"predecessor-version":[{"id":29430,"href":"https:\/\/ultrachoice.haikode.com\/ar\/wp-json\/wp\/v2\/product\/29390\/revisions\/29430"}],"wp:featuredmedia":[{"embeddable":true,"href":"https:\/\/ultrachoice.haikode.com\/ar\/wp-json\/wp\/v2\/media\/29388"}],"wp:attachment":[{"href":"https:\/\/ultrachoice.haikode.com\/ar\/wp-json\/wp\/v2\/media?parent=29390"}],"wp:term":[{"taxonomy":"product_brand","embeddable":true,"href":"https:\/\/ultrachoice.haikode.com\/ar\/wp-json\/wp\/v2\/product_brand?post=29390"},{"taxonomy":"product_cat","embeddable":true,"href":"https:\/\/ultrachoice.haikode.com\/ar\/wp-json\/wp\/v2\/product_cat?post=29390"},{"taxonomy":"product_tag","embeddable":true,"href":"https:\/\/ultrachoice.haikode.com\/ar\/wp-json\/wp\/v2\/product_tag?post=29390"}],"curies":[{"name":"wp","href":"https:\/\/api.w.org\/{rel}","templated":true}]}}