{"id":29385,"date":"2025-11-08T18:35:56","date_gmt":"2025-11-08T18:35:56","guid":{"rendered":"https:\/\/ultrachoice.haikode.com\/?post_type=product&#038;p=29385"},"modified":"2025-11-10T20:25:49","modified_gmt":"2025-11-10T20:25:49","slug":"amd-ryzen-5-3500x-3-6-ghz-4-1-ghz-tray","status":"publish","type":"product","link":"https:\/\/ultrachoice.haikode.com\/ar\/product\/amd-ryzen-5-3500x-3-6-ghz-4-1-ghz-tray\/","title":{"rendered":"AMD Ryzen 5 3500X (3.6 GHz \/ 4.1 GHz) Tray"},"content":{"rendered":"<p>Le processeur AMD Ryzen 5 3500X\u00a0 (3.6 GHz \/ 4.1 GHz) fait partie des premiers processeurs pour PC grav\u00e9s en 7 nm et compatibles avec l&rsquo;interface PCIe 4.0. La troisi\u00e8me g\u00e9n\u00e9ration Ryzen, au nom de code Matisse, impressionne par ses 6 coeurs et 6 threads, une fr\u00e9quence de base de 3.6 GHz pouvant grimper jusqu&rsquo;\u00e0 4.1 GHz et 32 Mo de cache L3 et seulement 65W de TDP ! Il est accompagn\u00e9 de son syst\u00e8me de refroidissement ultra-efficace et silencieux AMD Wraith Stealth. Le Ryzen 5 3500X propos\u00e9 par AMD permet de (re)d\u00e9couvrir les performances haut de gamme pour le gaming, la cr\u00e9ation de contenu et le multit\u00e2che intensif. Avec ses 6 threads et un GameCache de 35 Mo, soit le double du cache propos\u00e9 par les Ryzen 5 de deuxi\u00e8me g\u00e9n\u00e9ration, il permet de TOUT faire encore plus vite et de mani\u00e8re plus fluide.<\/p>","protected":false},"excerpt":{"rendered":"<p>PROCESSEUR 6-CORE 6-THREADS SOCKET AM4 GAMECACHE 35 MO 7 NM TDP 65W<\/p>","protected":false},"featured_media":29386,"comment_status":"open","ping_status":"closed","template":"","meta":{"content-type":""},"product_brand":[308],"product_cat":[261],"product_tag":[312,311,309,333,310],"class_list":{"0":"post-29385","1":"product","2":"type-product","3":"status-publish","4":"has-post-thumbnail","6":"product_brand-amd","7":"product_cat-processors","8":"product_tag-amd","9":"product_tag-cpu","10":"product_tag-ryzen","11":"product_tag-ryzen-5-3500x","12":"product_tag-ryzen5","14":"first","15":"onbackorder","16":"sale","17":"shipping-taxable","18":"purchasable","19":"product-type-simple"},"_links":{"self":[{"href":"https:\/\/ultrachoice.haikode.com\/ar\/wp-json\/wp\/v2\/product\/29385","targetHints":{"allow":["GET"]}}],"collection":[{"href":"https:\/\/ultrachoice.haikode.com\/ar\/wp-json\/wp\/v2\/product"}],"about":[{"href":"https:\/\/ultrachoice.haikode.com\/ar\/wp-json\/wp\/v2\/types\/product"}],"replies":[{"embeddable":true,"href":"https:\/\/ultrachoice.haikode.com\/ar\/wp-json\/wp\/v2\/comments?post=29385"}],"version-history":[{"count":2,"href":"https:\/\/ultrachoice.haikode.com\/ar\/wp-json\/wp\/v2\/product\/29385\/revisions"}],"predecessor-version":[{"id":29428,"href":"https:\/\/ultrachoice.haikode.com\/ar\/wp-json\/wp\/v2\/product\/29385\/revisions\/29428"}],"wp:featuredmedia":[{"embeddable":true,"href":"https:\/\/ultrachoice.haikode.com\/ar\/wp-json\/wp\/v2\/media\/29386"}],"wp:attachment":[{"href":"https:\/\/ultrachoice.haikode.com\/ar\/wp-json\/wp\/v2\/media?parent=29385"}],"wp:term":[{"taxonomy":"product_brand","embeddable":true,"href":"https:\/\/ultrachoice.haikode.com\/ar\/wp-json\/wp\/v2\/product_brand?post=29385"},{"taxonomy":"product_cat","embeddable":true,"href":"https:\/\/ultrachoice.haikode.com\/ar\/wp-json\/wp\/v2\/product_cat?post=29385"},{"taxonomy":"product_tag","embeddable":true,"href":"https:\/\/ultrachoice.haikode.com\/ar\/wp-json\/wp\/v2\/product_tag?post=29385"}],"curies":[{"name":"wp","href":"https:\/\/api.w.org\/{rel}","templated":true}]}}